{"id":3834,"date":"2024-11-18T15:12:04","date_gmt":"2024-11-18T15:12:04","guid":{"rendered":"https:\/\/petour.sg\/lien-he-chung-toi\/"},"modified":"2024-12-23T04:31:39","modified_gmt":"2024-12-23T04:31:39","slug":"lien-he-chung-toi","status":"publish","type":"page","link":"https:\/\/petour.sg\/vi\/lien-he-chung-toi\/","title":{"rendered":"Li\u00ean h\u1ec7 v\u1edbi ch\u00fang t\u00f4i"},"content":{"rendered":"[vc_row type=&#8221;full_width_background&#8221; full_screen_row_position=&#8221;middle&#8221; column_margin=&#8221;default&#8221; column_direction=&#8221;default&#8221; column_direction_tablet=&#8221;default&#8221; column_direction_phone=&#8221;default&#8221; bg_color=&#8221;#000000&#8243; scene_position=&#8221;center&#8221; top_padding=&#8221;6%&#8221; bottom_padding=&#8221;8%&#8221; text_color=&#8221;light&#8221; text_align=&#8221;left&#8221; row_border_radius=&#8221;none&#8221; row_border_radius_applies=&#8221;bg&#8221; zindex=&#8221;100&#8243; overflow=&#8221;visible&#8221; id=&#8221;beliefs&#8221; overlay_strength=&#8221;0.3&#8243; gradient_direction=&#8221;left_to_right&#8221; shape_divider_position=&#8221;bottom&#8221; bg_image_animation=&#8221;none&#8221; shape_type=&#8221;&#8221; gradient_type=&#8221;default&#8221;][vc_column column_padding=&#8221;no-extra-padding&#8221; column_padding_tablet=&#8221;inherit&#8221; column_padding_phone=&#8221;inherit&#8221; column_padding_position=&#8221;all&#8221; column_element_direction_desktop=&#8221;default&#8221; column_element_spacing=&#8221;default&#8221; desktop_text_alignment=&#8221;default&#8221; tablet_text_alignment=&#8221;default&#8221; phone_text_alignment=&#8221;default&#8221; background_color_opacity=&#8221;1&#8243; background_hover_color_opacity=&#8221;1&#8243; column_backdrop_filter=&#8221;none&#8221; column_shadow=&#8221;none&#8221; column_border_radius=&#8221;none&#8221; column_link_target=&#8221;_self&#8221; column_position=&#8221;default&#8221; gradient_direction=&#8221;left_to_right&#8221; overlay_strength=&#8221;0.3&#8243; width=&#8221;1\/1&#8243; tablet_width_inherit=&#8221;default&#8221; animation_type=&#8221;default&#8221; bg_image_animation=&#8221;none&#8221; border_type=&#8221;simple&#8221; column_border_width=&#8221;none&#8221; column_border_style=&#8221;solid&#8221;][vc_row_inner column_margin=&#8221;90px&#8221; column_direction=&#8221;default&#8221; column_direction_tablet=&#8221;default&#8221; column_direction_phone=&#8221;default&#8221; bottom_padding=&#8221;5%&#8221; text_align=&#8221;left&#8221; row_position=&#8221;default&#8221; row_position_tablet=&#8221;inherit&#8221; row_position_phone=&#8221;inherit&#8221; overflow=&#8221;visible&#8221; pointer_events=&#8221;all&#8221;][vc_column_inner column_padding=&#8221;padding-2-percent&#8221; column_padding_tablet=&#8221;inherit&#8221; column_padding_phone=&#8221;inherit&#8221; column_padding_position=&#8221;right&#8221; column_element_direction_desktop=&#8221;default&#8221; column_element_spacing=&#8221;default&#8221; desktop_text_alignment=&#8221;default&#8221; tablet_text_alignment=&#8221;default&#8221; phone_text_alignment=&#8221;default&#8221; background_color_opacity=&#8221;1&#8243; background_hover_color_opacity=&#8221;1&#8243; column_backdrop_filter=&#8221;none&#8221; column_shadow=&#8221;none&#8221; column_border_radius=&#8221;none&#8221; column_link_target=&#8221;_self&#8221; overflow=&#8221;visible&#8221; gradient_direction=&#8221;left_to_right&#8221; overlay_strength=&#8221;0.3&#8243; width=&#8221;1\/2&#8243; tablet_width_inherit=&#8221;default&#8221; animation_type=&#8221;default&#8221; bg_image_animation=&#8221;none&#8221; border_type=&#8221;simple&#8221; column_border_width=&#8221;none&#8221; column_border_style=&#8221;solid&#8221;][vc_column_text css=&#8221;&#8221; text_direction=&#8221;default&#8221;]\n<h1>B\u1ea1n c\u00f3 c\u00e2u h\u1ecfi?<br \/>  Kh\u00f4ng c\u00f3 g\u00ec.<\/h1>\n[\/vc_column_text][\/vc_column_inner][vc_column_inner column_padding=&#8221;padding-2-percent&#8221; column_padding_tablet=&#8221;no-extra-padding&#8221; column_padding_phone=&#8221;no-extra-padding&#8221; column_padding_position=&#8221;left&#8221; column_element_direction_desktop=&#8221;default&#8221; column_element_spacing=&#8221;default&#8221; desktop_text_alignment=&#8221;default&#8221; tablet_text_alignment=&#8221;default&#8221; phone_text_alignment=&#8221;default&#8221; background_color_opacity=&#8221;1&#8243; background_hover_color_opacity=&#8221;1&#8243; column_backdrop_filter=&#8221;none&#8221; column_shadow=&#8221;none&#8221; column_border_radius=&#8221;none&#8221; column_link_target=&#8221;_self&#8221; overflow=&#8221;visible&#8221; gradient_direction=&#8221;left_to_right&#8221; overlay_strength=&#8221;0.3&#8243; width=&#8221;1\/2&#8243; tablet_width_inherit=&#8221;default&#8221; animation_type=&#8221;default&#8221; bg_image_animation=&#8221;none&#8221; border_type=&#8221;simple&#8221; column_border_width=&#8221;none&#8221; column_border_style=&#8221;solid&#8221;][vc_column_text css=&#8221;&#8221; text_direction=&#8221;default&#8221;]B\u1ea1n c\u00f3 c\u00e2u h\u1ecfi ho\u1eb7c c\u1ea7n tr\u1ee3 gi\u00fap? \u0110\u1ed9i ng\u0169 c\u1ee7a ch\u00fang t\u00f4i lu\u00f4n s\u1eb5n s\u00e0ng h\u1ed7 tr\u1ee3. H\u00e3y li\u00ean h\u1ec7 ngay v\u1edbi ch\u00fang t\u00f4i \u0111\u1ec3 c\u00f9ng \u0111\u1ed3ng h\u00e0nh tr\u00ean h\u00e0nh tr\u00ecnh mang l\u1ea1i ngu\u1ed3n dinh d\u01b0\u1ee1ng t\u1ed1t nh\u1ea5t cho th\u00fa c\u01b0ng.[\/vc_column_text][nectar_cta btn_style=&#8221;arrow-animation&#8221; heading_tag=&#8221;h5&#8243; button_color=&#8221;default&#8221; text_color=&#8221;#ffffff&#8221; button_border_thickness=&#8221;0px&#8221; link_type=&#8221;regular&#8221; alignment=&#8221;left&#8221; alignment_tablet=&#8221;default&#8221; alignment_phone=&#8221;default&#8221; display=&#8221;block&#8221; display_tablet=&#8221;inherit&#8221; display_phone=&#8221;inherit&#8221; link_text=&#8221;Li\u00ean h\u1ec7 v\u1edbi ch\u00fang t\u00f4i&#8221; url=&#8221;#contact&#8221; margin_top=&#8221;30&#8243;][\/vc_column_inner][\/vc_row_inner][vc_row_inner column_margin=&#8221;default&#8221; column_direction=&#8221;default&#8221; column_direction_tablet=&#8221;default&#8221; column_direction_phone=&#8221;default&#8221; constrain_group_1=&#8221;yes&#8221; text_align=&#8221;left&#8221; row_position=&#8221;default&#8221; row_position_tablet=&#8221;inherit&#8221; row_position_phone=&#8221;inherit&#8221; overflow=&#8221;visible&#8221; pointer_events=&#8221;all&#8221;][vc_column_inner column_padding=&#8221;no-extra-padding&#8221; column_padding_tablet=&#8221;inherit&#8221; column_padding_phone=&#8221;inherit&#8221; column_padding_position=&#8221;all&#8221; column_element_direction_desktop=&#8221;default&#8221; column_element_spacing=&#8221;default&#8221; desktop_text_alignment=&#8221;default&#8221; tablet_text_alignment=&#8221;default&#8221; phone_text_alignment=&#8221;default&#8221; background_color_opacity=&#8221;1&#8243; background_hover_color_opacity=&#8221;1&#8243; column_backdrop_filter=&#8221;none&#8221; column_shadow=&#8221;none&#8221; column_border_radius=&#8221;none&#8221; column_link_target=&#8221;_self&#8221; overflow=&#8221;visible&#8221; gradient_direction=&#8221;left_to_right&#8221; overlay_strength=&#8221;0.3&#8243; width=&#8221;1\/1&#8243; tablet_width_inherit=&#8221;default&#8221; animation_type=&#8221;default&#8221; bg_image_animation=&#8221;none&#8221; border_type=&#8221;simple&#8221; column_border_width=&#8221;none&#8221; column_border_style=&#8221;solid&#8221;][nectar_scrolling_text scroll_direction=&#8221;ltr&#8221; scroll_speed=&#8221;slow&#8221; text_color=&#8221;#595959&#8243; style=&#8221;text_outline&#8221; outline_thickness=&#8221;thin&#8221; outline_applies_to=&#8221;text_only&#8221; text_repeat_number=&#8221;3&#8243; text_repeat_divider=&#8221;none&#8221; overflow=&#8221;hidden&#8221; background_image_url=&#8221;4098&#8243; background_image_animation=&#8221;ro-reveal-from-bottom&#8221; separate_text_coloring=&#8221;true&#8221; text_color_front=&#8221;#ffffff&#8221; scroll_functionality=&#8221;automatic&#8221; custom_font_size=&#8221;15vh&#8221; custom_font_size_mobile=&#8221;11vw&#8221; background_image_height=&#8221;55vh&#8221;]\n<h2><em>Li\u00ean h\u1ec7 v\u1edbi ch\u00fang t\u00f4i<\/em><\/h2>\n[\/nectar_scrolling_text][\/vc_column_inner][\/vc_row_inner][\/vc_column][\/vc_row][vc_row type=&#8221;full_width_content&#8221; full_screen_row_position=&#8221;middle&#8221; column_margin=&#8221;default&#8221; column_direction=&#8221;default&#8221; column_direction_tablet=&#8221;default&#8221; column_direction_phone=&#8221;default&#8221; bg_color=&#8221;#ffffff&#8221; scene_position=&#8221;center&#8221; top_margin=&#8221;32px&#8221; text_color=&#8221;dark&#8221; text_align=&#8221;left&#8221; row_border_radius=&#8221;none&#8221; row_border_radius_applies=&#8221;bg&#8221; overflow=&#8221;visible&#8221; id=&#8221;contact&#8221; overlay_strength=&#8221;0.3&#8243; gradient_direction=&#8221;left_to_right&#8221; shape_divider_position=&#8221;bottom&#8221; bg_image_animation=&#8221;none&#8221; gradient_type=&#8221;default&#8221; shape_type=&#8221;&#8221;][vc_column top_padding_desktop=&#8221;6%&#8221; bottom_padding_desktop=&#8221;6%&#8221; left_padding_desktop=&#8221;6%&#8221; right_padding_desktop=&#8221;6%&#8221; column_element_direction_desktop=&#8221;default&#8221; column_element_spacing=&#8221;default&#8221; desktop_text_alignment=&#8221;default&#8221; tablet_text_alignment=&#8221;default&#8221; phone_text_alignment=&#8221;default&#8221; background_color_opacity=&#8221;1&#8243; background_hover_color_opacity=&#8221;1&#8243; column_backdrop_filter=&#8221;none&#8221; column_shadow=&#8221;none&#8221; column_border_radius=&#8221;none&#8221; column_link_target=&#8221;_self&#8221; column_position=&#8221;default&#8221; gradient_direction=&#8221;left_to_right&#8221; overlay_strength=&#8221;0.3&#8243; width=&#8221;1\/2&#8243; tablet_width_inherit=&#8221;default&#8221; animation_type=&#8221;default&#8221; bg_image_animation=&#8221;none&#8221; border_type=&#8221;simple&#8221; column_border_width=&#8221;none&#8221; column_border_style=&#8221;solid&#8221; column_padding_type=&#8221;advanced&#8221; gradient_type=&#8221;default&#8221;][vc_custom_heading text=&#8221;H\u1ecfi \u0111\u00e1p&#8221; use_theme_fonts=&#8221;yes&#8221; css=&#8221;&#8221;][toggles style=&#8221;minimal_shadow&#8221; accordion=&#8221;true&#8221; accordion_starting_functionality=&#8221;default&#8221; border_radius=&#8221;20px&#8221;][toggle color=&#8221;Default&#8221; heading_tag=&#8221;h4&#8243; heading_tag_functionality=&#8221;default&#8221; title=&#8221;\u0110i\u1ec1u g\u00ec t\u1ea1o ra \u0111i\u1ec3m kh\u00e1c bi\u1ec7t cho c\u00e1c s\u1ea3n ph\u1ea9m c\u1ee7a Petour so v\u1edbi c\u00e1c th\u01b0\u01a1ng hi\u1ec7u c\u00f9ng ng\u00e0nh?&#8221;][nectar_responsive_text inherited_font_style=&#8221;default&#8221; font_size_min=&#8221;14px&#8221; font_size_max=&#8221;20px&#8221; font_size_desktop=&#8221;1.1vw&#8221; font_line_height=&#8221;1.6&#8243; text_direction=&#8221;default&#8221;]Petour \u1ee9ng d\u1ee5ng khoa h\u1ecdc dinh d\u01b0\u1ee1ng ti\u00ean ti\u1ebfn nh\u1ea5t k\u1ebft h\u1ee3p v\u1edbi c\u00e1c th\u00e0nh ph\u1ea7n ch\u1ea5t l\u01b0\u1ee3ng cao \u0111\u1ec3 mang \u0111\u1ebfn nh\u1eefng b\u1eefa \u0103n b\u1ed5 d\u01b0\u1ee1ng cho th\u00fa c\u01b0ng, t\u1eeb \u0111\u00f3 n\u00e2ng cao h\u1ea1nh ph\u00fac v\u00e0 s\u1ee9c s\u1ed1ng cho nh\u1eefng ng\u01b0\u1eddi b\u1ea1n l\u00f4ng x\u00f9. S\u1ea3n ph\u1ea9m c\u1ee7a ch\u00fang t\u00f4i kh\u00f4ng ch\u1ee9a ch\u1ea5t ph\u1ee5 gia nh\u00e2n t\u1ea1o v\u00e0 r\u1ea5t \u0111\u01b0\u1ee3c c\u00e1c b\u00e1c s\u0129 th\u00fa y tin t\u01b0\u1edfng.[\/nectar_responsive_text][\/toggle][toggle color=&#8221;Default&#8221; heading_tag=&#8221;h4&#8243; heading_tag_functionality=&#8221;default&#8221; title=&#8221;C\u00e1c c\u00f4ng th\u1ee9c c\u1ee7a Petour c\u00f3 ph\u00f9 h\u1ee3p v\u1edbi th\u00fa c\u01b0ng b\u1ecb d\u1ecb \u1ee9ng ho\u1eb7c kh\u00f4ng \u0103n \u0111\u01b0\u1ee3c m\u1ed9t th\u00e0nh ph\u1ea7n c\u1ee5 th\u1ec3 kh\u00f4ng?&#8221;][nectar_responsive_text inherited_font_style=&#8221;default&#8221; font_size_min=&#8221;14px&#8221; font_size_max=&#8221;20px&#8221; font_size_desktop=&#8221;1.1vw&#8221; font_line_height=&#8221;1.6&#8243; text_direction=&#8221;default&#8221;]T\u1ea5t nhi\u00ean r\u1ed3i! Ch\u00fang t\u00f4i cung c\u1ea5p c\u00e1c b\u1eefa \u0103n \u0111\u01b0\u1ee3c thi\u1ebft k\u1ebf ri\u00eang cho nh\u1eefng th\u00fa c\u01b0ng c\u00f3 nhu c\u1ea7u \u0111\u1eb7c bi\u1ec7t, ch\u1eb3ng h\u1ea1n nh\u01b0 ch\u1ebf \u0111\u1ed9 \u0103n kh\u00f4ng ng\u0169 c\u1ed1c, kh\u00f4ng g\u00e2y d\u1ecb \u1ee9ng ho\u1eb7c ch\u1ec9 ch\u1ee9a m\u1ed9t s\u1ed1 th\u00e0nh ph\u1ea7n c\u1ee5 th\u1ec3. H\u00e3y xem th\u00f4ng tin m\u00f4 t\u1ea3 c\u1ee7a s\u1ea3n ph\u1ea9m \u0111\u1ec3 bi\u1ebft th\u00eam chi ti\u1ebft ho\u1eb7c li\u00ean h\u1ec7 v\u1edbi ch\u00fang t\u00f4i \u0111\u1ec3 \u0111\u01b0\u1ee3c h\u01b0\u1edbng d\u1eabn.[\/nectar_responsive_text][\/toggle][toggle color=&#8221;Default&#8221; heading_tag=&#8221;h4&#8243; heading_tag_functionality=&#8221;default&#8221; title=&#8221;C\u00e1c s\u1ea3n ph\u1ea9m c\u1ee7a Petour \u0111\u01b0\u1ee3c s\u1ea3n xu\u1ea5t \u1edf \u0111\u00e2u?&#8221;][nectar_responsive_text inherited_font_style=&#8221;default&#8221; text_direction=&#8221;default&#8221;]To\u00e0n b\u1ed9 s\u1ea3n ph\u1ea9m c\u1ee7a Petour \u0111\u1ec1u t\u1ef1 h\u00e0o \u0111\u01b0\u1ee3c s\u1ea3n xu\u1ea5t t\u1ea1i c\u00e1c c\u01a1 s\u1edf \u0111\u00e1p \u1ee9ng ti\u00eau chu\u1ea9n ch\u1ea5t l\u01b0\u1ee3ng v\u00e0 ti\u00eau chu\u1ea9n an to\u00e0n nghi\u00eam ng\u1eb7t nh\u1ea5t, s\u1eed d\u1ee5ng nguy\u00ean li\u1ec7u cao c\u1ea5p v\u00e0 c\u00f3 ngu\u1ed3n g\u1ed1c r\u00f5 r\u00e0ng t\u1eeb nh\u1eefng nh\u00e0 cung c\u1ea5p \u0111\u00e1ng tin c\u1eady.[\/nectar_responsive_text][\/toggle][\/toggles][\/vc_column][vc_column top_padding_desktop=&#8221;6%&#8221; bottom_padding_desktop=&#8221;6%&#8221; left_padding_desktop=&#8221;6%&#8221; right_padding_desktop=&#8221;6%&#8221; column_element_direction_desktop=&#8221;default&#8221; column_element_spacing=&#8221;default&#8221; desktop_text_alignment=&#8221;default&#8221; tablet_text_alignment=&#8221;default&#8221; phone_text_alignment=&#8221;default&#8221; background_color_opacity=&#8221;1&#8243; background_hover_color_opacity=&#8221;1&#8243; column_backdrop_filter=&#8221;none&#8221; column_shadow=&#8221;none&#8221; column_border_radius=&#8221;none&#8221; column_link_target=&#8221;_self&#8221; column_position=&#8221;default&#8221; gradient_direction=&#8221;left_to_right&#8221; overlay_strength=&#8221;0.3&#8243; width=&#8221;1\/2&#8243; tablet_width_inherit=&#8221;default&#8221; animation_type=&#8221;default&#8221; bg_image_animation=&#8221;none&#8221; border_type=&#8221;simple&#8221; column_border_width=&#8221;none&#8221; column_border_style=&#8221;solid&#8221; column_padding_type=&#8221;advanced&#8221; gradient_type=&#8221;default&#8221;][vc_custom_heading text=&#8221;Li\u00ean h\u1ec7 v\u1edbi ch\u00fang t\u00f4i&#8221; use_theme_fonts=&#8221;yes&#8221; css=&#8221;&#8221;]<div class=\"wpforms-container wpforms-container-full wpforms-render-modern\" id=\"wpforms-1832\"><form id=\"wpforms-form-1832\" class=\"wpforms-validate wpforms-form wpforms-ajax-form\" data-formid=\"1832\" method=\"post\" enctype=\"multipart\/form-data\" action=\"\/vi\/wp-json\/wp\/v2\/pages\/3834\" data-token=\"885b37a53230552dc7289b50ae7c582b\" data-token-time=\"1776343495\"><noscript class=\"wpforms-error-noscript\">Please enable JavaScript in your browser to complete this form.<\/noscript><div class=\"wpforms-hidden\" id=\"wpforms-error-noscript\">Please enable JavaScript in your browser to complete this form.<\/div><div class=\"wpforms-field-container\"><div id=\"wpforms-1832-field_1-container\" class=\"wpforms-field wpforms-field-name\" data-field-id=\"1\"><fieldset><legend class=\"wpforms-field-label wpforms-label-hide\" aria-hidden=\"false\">T\u00ean <span class=\"wpforms-required-label\" aria-hidden=\"true\">*<\/span><\/legend><div class=\"wpforms-field-row wpforms-field-large\"><div class=\"wpforms-field-row-block wpforms-first wpforms-one-half\"><input type=\"text\" id=\"wpforms-1832-field_1\" class=\"wpforms-field-name-first wpforms-field-required\" name=\"wpforms[fields][1][first]\" placeholder=\"T\u00ean\" aria-errormessage=\"wpforms-1832-field_1-error\" required><label for=\"wpforms-1832-field_1\" class=\"wpforms-field-sublabel after wpforms-sublabel-hide\">First<\/label><\/div><div class=\"wpforms-field-row-block wpforms-one-half\"><input type=\"text\" id=\"wpforms-1832-field_1-last\" class=\"wpforms-field-name-last wpforms-field-required\" name=\"wpforms[fields][1][last]\" placeholder=\"H\u1ecd v\u00e0 t\u00ean \u0111\u1ec7m\" aria-errormessage=\"wpforms-1832-field_1-last-error\" required><label for=\"wpforms-1832-field_1-last\" class=\"wpforms-field-sublabel after wpforms-sublabel-hide\">Last<\/label><\/div><\/div><\/fieldset><\/div><div id=\"wpforms-1832-field_5-container\" class=\"wpforms-field wpforms-field-layout\" data-field-id=\"5\"><div class=\"wpforms-field-layout-rows wpforms-field-large\"><div class=\"wpforms-layout-row\"><div class=\"wpforms-layout-column wpforms-layout-column-50\"><div id=\"wpforms-1832-field_2-container\" class=\"wpforms-field wpforms-field-email\" data-field-id=\"2\"><label class=\"wpforms-field-label wpforms-label-hide\" for=\"wpforms-1832-field_2\" aria-hidden=\"false\">Email <span class=\"wpforms-required-label\" aria-hidden=\"true\">*<\/span><\/label><input type=\"email\" id=\"wpforms-1832-field_2\" class=\"wpforms-field-large wpforms-field-required\" name=\"wpforms[fields][2]\" placeholder=\"johndoe@example.com\" spellcheck=\"false\" aria-errormessage=\"wpforms-1832-field_2-error\" required><\/div><\/div><div class=\"wpforms-layout-column wpforms-layout-column-50\"><div id=\"wpforms-1832-field_6-container\" class=\"wpforms-field wpforms-field-phone\" data-field-id=\"6\"><label class=\"wpforms-field-label wpforms-label-hide\" for=\"wpforms-1832-field_6\" aria-hidden=\"false\">S\u1ed1 \u0111i\u1ec7n tho\u1ea1i<\/label><input type=\"tel\" id=\"wpforms-1832-field_6\" class=\"wpforms-field-medium wpforms-smart-phone-field\" data-rule-smart-phone-field=\"true\" name=\"wpforms[fields][6]\" placeholder=\"S\u1ed1 \u0111i\u1ec7n tho\u1ea1i\" aria-label=\"S\u1ed1 \u0111i\u1ec7n tho\u1ea1i\" aria-errormessage=\"wpforms-1832-field_6-error\" ><\/div><\/div><\/div><\/div><\/div><div id=\"wpforms-1832-field_4-container\" class=\"wpforms-field wpforms-field-select wpforms-field-select-style-classic\" data-field-id=\"4\"><label class=\"wpforms-field-label wpforms-label-hide\" for=\"wpforms-1832-field_4\" aria-hidden=\"false\">S\u1ea3n ph\u1ea9m <span class=\"wpforms-required-label\" aria-hidden=\"true\">*<\/span><\/label><select id=\"wpforms-1832-field_4\" class=\"wpforms-field-large wpforms-field-required\" name=\"wpforms[fields][4]\" required=\"required\"><option value=\"\" class=\"placeholder\" disabled  selected='selected'>S\u1ea3n ph\u1ea9m<\/option><option value=\"Kh\u00f4ng\" >Kh\u00f4ng<\/option><option value=\"Chicken Liver Freeze Dried\" >Chicken Liver Freeze Dried<\/option><option value=\"Raw Flesh Meat Freeze Dried\" >Raw Flesh Meat Freeze Dried<\/option><option value=\"Egg Yolk Freeze Dried\" >Egg Yolk Freeze Dried<\/option><option value=\"Cat Grass Freeze Dried\" >Cat Grass Freeze Dried<\/option><option value=\"Shishamo Freeze Dried\" >Shishamo Freeze Dried<\/option><option value=\"Salmon Freeze Dried\" >Salmon Freeze Dried<\/option><option value=\"Chicken Freeze Dried\" >Chicken Freeze Dried<\/option><option value=\"Salmon \u2013 Cat Treats\" >Salmon \u2013 Cat Treats<\/option><option value=\"Chicken \u2013 Cat Treats\" >Chicken \u2013 Cat Treats<\/option><option value=\"P42 \u2013 High Meat\" >P42 \u2013 High Meat<\/option><option value=\"Prebiotics \u2013 Digestion Care \u2013 Cat Treats\" >Prebiotics \u2013 Digestion Care \u2013 Cat Treats<\/option><option value=\"Taurine \u2013 Eye &amp; Heart \u2013 Cat Treats\" >Taurine \u2013 Eye &amp; Heart \u2013 Cat Treats<\/option><option value=\"Omega-3 Nutrition \u2013 Cat Treats\" >Omega-3 Nutrition \u2013 Cat Treats<\/option><option value=\"Vitamin-Balanced Nutrition \u2013 Cat Pouch\" >Vitamin-Balanced Nutrition \u2013 Cat Pouch<\/option><option value=\"L-Lysine \u2013 Immunity Boost \u2013 Cat Pouch\" >L-Lysine \u2013 Immunity Boost \u2013 Cat Pouch<\/option><option value=\"Omega-3 \u2013 Hair &amp; Skin \u2013 Cat Pouch\" >Omega-3 \u2013 Hair &amp; Skin \u2013 Cat Pouch<\/option><option value=\"D1 Digestion Care \u2013 Lamb\" >D1 Digestion Care \u2013 Lamb<\/option><option value=\"T4 Indoor Care \u2013 6 Fish\" >T4 Indoor Care \u2013 6 Fish<\/option><option value=\"T3 Urinary Care \u2013 Tuna &amp; Chicken\" >T3 Urinary Care \u2013 Tuna &amp; Chicken<\/option><option value=\"T2 Hair &amp; Skin Care \u2013 Chicken &amp; Salmon\" >T2 Hair &amp; Skin Care \u2013 Chicken &amp; Salmon<\/option><option value=\"T1 Digestion Care \u2013 Chicken &amp; Beef\" >T1 Digestion Care \u2013 Chicken &amp; Beef<\/option><\/select><\/div><div id=\"wpforms-1832-field_3-container\" class=\"wpforms-field wpforms-field-textarea\" data-field-id=\"3\"><label class=\"wpforms-field-label wpforms-label-hide\" for=\"wpforms-1832-field_3\" aria-hidden=\"false\">Tin nh\u1eafn d\u00e0nh cho Petour <span class=\"wpforms-required-label\" aria-hidden=\"true\">*<\/span><\/label><textarea id=\"wpforms-1832-field_3\" class=\"wpforms-field-medium wpforms-field-required\" name=\"wpforms[fields][3]\" placeholder=\"Ch\u00fang t\u00f4i c\u00f3 th\u1ec3 gi\u00fap g\u00ec cho b\u1ea1n\" aria-errormessage=\"wpforms-1832-field_3-error\" required><\/textarea><\/div><\/div><!-- .wpforms-field-container --><div class=\"wpforms-submit-container\" ><input type=\"hidden\" name=\"wpforms[id]\" value=\"1832\"><input type=\"hidden\" name=\"page_title\" value=\"\"><input type=\"hidden\" name=\"page_url\" value=\"https:\/\/petour.sg\/vi\/wp-json\/wp\/v2\/pages\/3834\"><button type=\"submit\" name=\"wpforms[submit]\" id=\"wpforms-submit-1832\" class=\"wpforms-submit\" data-alt-text=\"\u0110ang g\u1eedi...\" data-submit-text=\"G\u1eedi tin nh\u1eafn\" aria-live=\"assertive\" value=\"wpforms-submit\">G\u1eedi tin nh\u1eafn<\/button><img decoding=\"async\" src=\"https:\/\/petour.sg\/wp-content\/plugins\/wpforms\/assets\/images\/submit-spin.svg\" class=\"wpforms-submit-spinner\" style=\"display: none;\" width=\"26\" height=\"26\" alt=\"Loading\"><\/div><\/form><\/div>  <!-- .wpforms-container -->[\/vc_column][\/vc_row]\n","protected":false},"excerpt":{"rendered":"<p>[vc_row type=&#8221;full_width_background&#8221; full_screen_row_position=&#8221;middle&#8221; column_margin=&#8221;default&#8221; column_direction=&#8221;default&#8221; column_direction_tablet=&#8221;default&#8221; column_direction_phone=&#8221;default&#8221; bg_color=&#8221;#000000&#8243; scene_position=&#8221;center&#8221; top_padding=&#8221;6%&#8221; bottom_padding=&#8221;8%&#8221; text_color=&#8221;light&#8221; text_align=&#8221;left&#8221; row_border_radius=&#8221;none&#8221; row_border_radius_applies=&#8221;bg&#8221; zindex=&#8221;100&#8243; overflow=&#8221;visible&#8221; id=&#8221;beliefs&#8221; overlay_strength=&#8221;0.3&#8243; gradient_direction=&#8221;left_to_right&#8221; shape_divider_position=&#8221;bottom&#8221; bg_image_animation=&#8221;none&#8221; shape_type=&#8221;&#8221; gradient_type=&#8221;default&#8221;][vc_column column_padding=&#8221;no-extra-padding&#8221; column_padding_tablet=&#8221;inherit&#8221; column_padding_phone=&#8221;inherit&#8221; column_padding_position=&#8221;all&#8221; column_element_direction_desktop=&#8221;default&#8221; column_element_spacing=&#8221;default&#8221;&#8230;<\/p>\n","protected":false},"author":2,"featured_media":0,"parent":0,"menu_order":0,"comment_status":"closed","ping_status":"closed","template":"","meta":{"footnotes":""},"class_list":["post-3834","page","type-page","status-publish"],"_links":{"self":[{"href":"https:\/\/petour.sg\/vi\/wp-json\/wp\/v2\/pages\/3834","targetHints":{"allow":["GET"]}}],"collection":[{"href":"https:\/\/petour.sg\/vi\/wp-json\/wp\/v2\/pages"}],"about":[{"href":"https:\/\/petour.sg\/vi\/wp-json\/wp\/v2\/types\/page"}],"author":[{"embeddable":true,"href":"https:\/\/petour.sg\/vi\/wp-json\/wp\/v2\/users\/2"}],"replies":[{"embeddable":true,"href":"https:\/\/petour.sg\/vi\/wp-json\/wp\/v2\/comments?post=3834"}],"version-history":[{"count":0,"href":"https:\/\/petour.sg\/vi\/wp-json\/wp\/v2\/pages\/3834\/revisions"}],"wp:attachment":[{"href":"https:\/\/petour.sg\/vi\/wp-json\/wp\/v2\/media?parent=3834"}],"curies":[{"name":"wp","href":"https:\/\/api.w.org\/{rel}","templated":true}]}}