{"id":4253,"date":"2024-11-30T14:41:31","date_gmt":"2024-11-30T14:41:31","guid":{"rendered":"https:\/\/petour.sg\/dieu-khoan-va-dieu-kien\/"},"modified":"2024-12-10T15:50:11","modified_gmt":"2024-12-10T15:50:11","slug":"terms-and-conditions","status":"publish","type":"page","link":"https:\/\/petour.sg\/vi\/terms-and-conditions\/","title":{"rendered":"\u0110i\u1ec1u kho\u1ea3n s\u1eed d\u1ee5ng"},"content":{"rendered":"\n<p>Ch\u00e0o m\u1eebng \u0111\u1ebfn v\u1edbi PETOUR! Vui l\u00f2ng \u0111\u1ecdc k\u1ef9 \u0110i\u1ec1u kho\u1ea3n s\u1eed d\u1ee5ng (&#8220;\u0110i\u1ec1u kho\u1ea3n&#8221;) n\u00e0y tr\u01b0\u1edbc khi s\u1eed d\u1ee5ng trang web v\u00e0 d\u1ecbch v\u1ee5 c\u1ee7a ch\u00fang t\u00f4i. B\u1eb1ng c\u00e1ch truy c\u1eadp ho\u1eb7c s\u1eed d\u1ee5ng trang web c\u1ee7a ch\u00fang t\u00f4i, b\u1ea1n \u0111\u1ed3ng \u00fd b\u1ecb r\u00e0ng bu\u1ed9c b\u1edfi c\u00e1c \u0110i\u1ec1u kho\u1ea3n n\u00e0y. N\u1ebfu b\u1ea1n kh\u00f4ng \u0111\u1ed3ng \u00fd v\u1edbi b\u1ea5t k\u1ef3 ph\u1ea7n n\u00e0o trong c\u00e1c \u0110i\u1ec1u kho\u1ea3n n\u00e0y, vui l\u00f2ng kh\u00f4ng s\u1eed d\u1ee5ng trang web ho\u1eb7c d\u1ecbch v\u1ee5 c\u1ee7a ch\u00fang t\u00f4i.<\/p>\n\n<h2 class=\"wp-block-heading\">\u0110i\u1ec1u kho\u1ea3n Ch\u1ea5p thu\u1eadn<\/h2>\n\n<p>B\u1eb1ng c\u00e1ch truy c\u1eadp v\u00e0 s\u1eed d\u1ee5ng trang web c\u1ee7a ch\u00fang t\u00f4i, b\u1ea1n x\u00e1c nh\u1eadn r\u1eb1ng b\u1ea1n \u0111\u00e3 \u0111\u1ecdc, hi\u1ec3u v\u00e0 \u0111\u1ed3ng \u00fd tu\u00e2n th\u1ee7 c\u00e1c \u0110i\u1ec1u kho\u1ea3n n\u00e0y, Ch\u00ednh s\u00e1ch quy\u1ec1n ri\u00eang t\u01b0 c\u1ee7a ch\u00fang t\u00f4i v\u00e0 b\u1ea5t k\u1ef3 ch\u00ednh s\u00e1ch n\u00e0o kh\u00e1c \u0111\u01b0\u1ee3c tham chi\u1ebfu.<\/p>\n\n<h2 class=\"wp-block-heading\">\u0110i\u1ec1u kho\u1ea3n S\u1eeda \u0111\u1ed5i<\/h2>\n\n<p>PETOUR c\u00f3 quy\u1ec1n s\u1eeda \u0111\u1ed5i c\u00e1c \u0110i\u1ec1u kho\u1ea3n n\u00e0y b\u1ea5t k\u1ef3 l\u00fac n\u00e0o. B\u1ea5t k\u1ef3 thay \u0111\u1ed5i n\u00e0o s\u1ebd \u0111\u01b0\u1ee3c \u0111\u0103ng tr\u00ean trang n\u00e0y v\u00e0 c\u00e1c \u0110i\u1ec1u kho\u1ea3n \u0111\u00e3 c\u1eadp nh\u1eadt s\u1ebd c\u00f3 hi\u1ec7u l\u1ef1c ngay sau khi \u0111\u0103ng. Vui l\u00f2ng xem l\u1ea1i c\u00e1c \u0110i\u1ec1u kho\u1ea3n n\u00e0y th\u01b0\u1eddng xuy\u00ean \u0111\u1ec3 c\u1eadp nh\u1eadt th\u00f4ng tin.<\/p>\n\n<h2 class=\"wp-block-heading\">\u0110i\u1ec1u kho\u1ea3n S\u1eed d\u1ee5ng Trang web c\u1ee7a ch\u00fang t\u00f4i<\/h2>\n\n<p>B\u1ea1n ch\u1ec9 \u0111\u01b0\u1ee3c s\u1eed d\u1ee5ng trang web c\u1ee7a ch\u00fang t\u00f4i cho m\u1ee5c \u0111\u00edch c\u00e1 nh\u00e2n, phi th\u01b0\u01a1ng m\u1ea1i.<\/p>\n\n<p>B\u1ea1n \u0111\u1ed3ng \u00fd kh\u00f4ng s\u1eed d\u1ee5ng trang web c\u1ee7a ch\u00fang t\u00f4i theo b\u1ea5t k\u1ef3 c\u00e1ch n\u00e0o c\u00f3 th\u1ec3 g\u00e2y thi\u1ec7t h\u1ea1i cho PETOUR ho\u1eb7c l\u00e0m gi\u1ea3m kh\u1ea3 n\u0103ng truy c\u1eadp v\u00e0o trang web.<\/p>\n\n<p>B\u1ea1n \u0111\u1ed3ng \u00fd kh\u00f4ng s\u1eed d\u1ee5ng trang web c\u1ee7a ch\u00fang t\u00f4i \u0111\u1ec3 ph\u00e1t t\u00e1n th\u01b0 r\u00e1c, truy\u1ec1n ho\u1eb7c t\u1ea3i l\u00ean n\u1ed9i dung c\u00f3 h\u1ea1i ho\u1eb7c cho b\u1ea5t k\u1ef3 m\u1ee5c \u0111\u00edch b\u1ea5t h\u1ee3p ph\u00e1p n\u00e0o.<\/p>\n\n<h2 class=\"wp-block-heading\">Quy\u1ec1n s\u1edf h\u1eefu tr\u00ed tu\u1ec7<\/h2>\n\n<p>T\u1ea5t c\u1ea3 n\u1ed9i dung, bao g\u1ed3m v\u0103n b\u1ea3n, h\u00ecnh \u1ea3nh, logo v\u00e0 nh\u00e3n hi\u1ec7u \u0111\u01b0\u1ee3c hi\u1ec3n th\u1ecb tr\u00ean trang web, \u0111\u1ec1u l\u00e0 t\u00e0i s\u1ea3n tr\u00ed tu\u1ec7 c\u1ee7a PETOUR ho\u1eb7c b\u00ean c\u1ea5p ph\u00e9p c\u1ee7a PETOUR.<\/p>\n\n<p>B\u1ea1n kh\u00f4ng \u0111\u01b0\u1ee3c sao ch\u00e9p, t\u00e1i t\u1ea1o, ph\u00e2n ph\u1ed1i ho\u1eb7c t\u1ea1o c\u00e1c t\u00e1c ph\u1ea9m ph\u00e1i sinh t\u1eeb n\u1ed9i dung c\u1ee7a ch\u00fang t\u00f4i m\u00e0 kh\u00f4ng c\u00f3 s\u1ef1 cho ph\u00e9p tr\u01b0\u1edbc b\u1eb1ng v\u0103n b\u1ea3n c\u1ee7a PETOUR.<\/p>\n\n<h2 class=\"wp-block-heading\">T\u00e0i kho\u1ea3n ng\u01b0\u1eddi d\u00f9ng<\/h2>\n\n<p>\u0110\u1ec3 truy c\u1eadp m\u1ed9t s\u1ed1 t\u00ednh n\u0103ng nh\u1ea5t \u0111\u1ecbnh, b\u1ea1n c\u00f3 th\u1ec3 \u0111\u01b0\u1ee3c y\u00eau c\u1ea7u t\u1ea1o t\u00e0i kho\u1ea3n. B\u1ea1n \u0111\u1ed3ng \u00fd cung c\u1ea5p th\u00f4ng tin ch\u00ednh x\u00e1c v\u00e0 b\u1ea3o m\u1eadt th\u00f4ng tin \u0111\u0103ng nh\u1eadp t\u00e0i kho\u1ea3n c\u1ee7a m\u00ecnh.<\/p>\n\n<p>B\u1ea1n ch\u1ecbu tr\u00e1ch nhi\u1ec7m cho m\u1ecdi ho\u1ea1t \u0111\u1ed9ng di\u1ec5n ra trong t\u00e0i kho\u1ea3n c\u1ee7a m\u00ecnh. PETOUR kh\u00f4ng ch\u1ecbu tr\u00e1ch nhi\u1ec7m v\u1ec1 b\u1ea5t k\u1ef3 m\u1ea5t m\u00e1t ho\u1eb7c thi\u1ec7t h\u1ea1i n\u00e0o ph\u00e1t sinh do t\u00e0i kho\u1ea3n c\u1ee7a b\u1ea1n b\u1ecb s\u1eed d\u1ee5ng tr\u00e1i ph\u00e9p.<\/p>\n\n<h2 class=\"wp-block-heading\">Th\u00f4ng tin s\u1ea3n ph\u1ea9m v\u00e0 giao d\u1ecbch mua h\u00e0ng<\/h2>\n\n<p>M\u1eb7c d\u00f9 ch\u00fang t\u00f4i lu\u00f4n c\u1ed1 g\u1eafng cung c\u1ea5p th\u00f4ng tin s\u1ea3n ph\u1ea9m ch\u00ednh x\u00e1c, nh\u01b0ng ch\u00fang t\u00f4i kh\u00f4ng \u0111\u1ea3m b\u1ea3o r\u1eb1ng m\u00f4 t\u1ea3 s\u1ea3n ph\u1ea9m ho\u1eb7c n\u1ed9i dung kh\u00e1c tr\u00ean trang web l\u00e0 \u0111\u1ea7y \u0111\u1ee7 ho\u1eb7c kh\u00f4ng c\u00f3 l\u1ed7i.<\/p>\n\n<p>Gi\u00e1 c\u1ea3 v\u00e0 t\u00ecnh tr\u1ea1ng s\u1eb5n c\u00f3 c\u1ee7a s\u1ea3n ph\u1ea9m c\u00f3 th\u1ec3 thay \u0111\u1ed5i m\u00e0 kh\u00f4ng c\u1ea7n th\u00f4ng b\u00e1o tr\u01b0\u1edbc.<\/p>\n\n<p>C\u00e1c giao d\u1ecbch mua h\u00e0ng \u0111\u01b0\u1ee3c th\u1ef1c hi\u1ec7n th\u00f4ng qua trang web \u0111\u01b0\u1ee3c \u0111i\u1ec1u ch\u1ec9nh b\u1edfi Ch\u00ednh s\u00e1ch ho\u00e0n ti\u1ec1n v\u00e0 tr\u1ea3 h\u00e0ng c\u1ee7a ch\u00fang t\u00f4i.<\/p>\n\n<h2 class=\"wp-block-heading\">Tuy\u00ean b\u1ed1 t\u1eeb ch\u1ed1i \u0111\u1ea3m b\u1ea3o<\/h2>\n\n<p>PETOUR cung c\u1ea5p trang web v\u00e0 n\u1ed9i dung c\u1ee7a n\u00f3 theo nguy\u00ean t\u1eafc &#8220;nguy\u00ean tr\u1ea1ng&#8221; v\u00e0 &#8220;s\u1eb5n c\u00f3&#8221; m\u00e0 kh\u00f4ng \u0111\u01b0a ra b\u1ea5t k\u1ef3 \u0111\u1ea3m b\u1ea3o n\u00e0o d\u01b0\u1edbi b\u1ea5t k\u1ef3 h\u00ecnh th\u1ee9c n\u00e0o, d\u00f9 r\u00f5 r\u00e0ng hay ng\u1ee5 \u00fd.<\/p>\n\n<p>PETOUR kh\u00f4ng b\u1ea3o h\u00e0nh r\u1eb1ng trang web s\u1ebd kh\u00f4ng b\u1ecb gi\u00e1n \u0111o\u1ea1n, an to\u00e0n ho\u1eb7c kh\u00f4ng c\u00f3 l\u1ed7i ho\u1eb7c vi-r\u00fat.<\/p>\n\n<h2 class=\"wp-block-heading\">Gi\u1edbi h\u1ea1n tr\u00e1ch nhi\u1ec7m<\/h2>\n\n<p>Trong ph\u1ea1m vi t\u1ed1i \u0111a \u0111\u01b0\u1ee3c ph\u00e1p lu\u1eadt cho ph\u00e9p, PETOUR s\u1ebd kh\u00f4ng ch\u1ecbu tr\u00e1ch nhi\u1ec7m \u0111\u1ed1i v\u1edbi b\u1ea5t k\u1ef3 thi\u1ec7t h\u1ea1i n\u00e0o, bao g\u1ed3m nh\u01b0ng kh\u00f4ng gi\u1edbi h\u1ea1n \u1edf thi\u1ec7t h\u1ea1i gi\u00e1n ti\u1ebfp, ng\u1eabu nhi\u00ean, tr\u1eebng ph\u1ea1t ho\u1eb7c h\u1eadu qu\u1ea3 ph\u00e1t sinh t\u1eeb vi\u1ec7c s\u1eed d\u1ee5ng ho\u1eb7c kh\u00f4ng th\u1ec3 s\u1eed d\u1ee5ng trang web ho\u1eb7c d\u1ecbch v\u1ee5.<\/p>\n\n<p>T\u1ea1i c\u00e1c khu v\u1ef1c ph\u00e1p l\u00fd kh\u00f4ng cho ph\u00e9p gi\u1edbi h\u1ea1n b\u1ea3o h\u00e0nh ng\u1ee5 \u00fd ho\u1eb7c tr\u00e1ch nhi\u1ec7m \u0111\u1ed1i v\u1edbi thi\u1ec7t h\u1ea1i ng\u1eabu nhi\u00ean, tr\u00e1ch nhi\u1ec7m c\u1ee7a ch\u00fang t\u00f4i s\u1ebd b\u1ecb gi\u1edbi h\u1ea1n \u1edf m\u1ee9c t\u1ed1i \u0111a \u0111\u01b0\u1ee3c ph\u00e1p lu\u1eadt cho ph\u00e9p.<\/p>\n\n<h2 class=\"wp-block-heading\">Lu\u1eadt \u00e1p d\u1ee5ng<\/h2>\n\n<p>T\u1ea5t c\u1ea3 c\u00e1c \u0111i\u1ec1u kho\u1ea3n n\u00eau trong ph\u1ea7n n\u00e0y ph\u1ea3i tu\u00e2n th\u1ee7 lu\u1eadt ph\u00e1p c\u1ee7a qu\u1ed1c gia s\u1edf t\u1ea1i v\u00e0 PETOUR kh\u00f4ng ch\u1ecbu tr\u00e1ch nhi\u1ec7m khi h\u00e0ng h\u00f3a c\u1ee7a m\u00ecnh \u0111\u01b0\u1ee3c g\u1eedi \u0111i ho\u1eb7c khai th\u00e1c cho m\u1ee5c \u0111\u00edch x\u1ea5u, tr\u00e1i v\u1edbi lu\u1eadt ph\u00e1p theo quy \u0111\u1ecbnh c\u1ee7a lu\u1eadt ph\u00e1p hi\u1ec7n h\u00e0nh c\u1ee7a qu\u1ed1c gia \u0111\u00f3.<\/p>\n\n<p>S\u1ea3n ph\u1ea9m PETOUR bao g\u1ed3m nguy\u00ean li\u1ec7u th\u00f4 v\u00e0 nh\u00e3n bao b\u00ec \u0111\u00e3 \u0111\u01b0\u1ee3c c\u00f4ng b\u1ed1 v\u00e0 m\u00f4 t\u1ea3 c\u1ee5 th\u1ec3 tr\u00ean trang web v\u00e0 ch\u00fang t\u00f4i kh\u00f4ng ch\u1ecbu tr\u00e1ch nhi\u1ec7m khi s\u1ea3n ph\u1ea9m c\u1ee7a ch\u00fang t\u00f4i c\u00f3 c\u00e1c th\u00e0nh ph\u1ea7n v\u00e0 chi ti\u1ebft kh\u00e1c kh\u00f4ng \u0111\u01b0\u1ee3c n\u00eau tr\u00ean trang web.<\/p>\n\n<p><\/p>\n","protected":false},"excerpt":{"rendered":"<p>Ch\u00e0o m\u1eebng \u0111\u1ebfn v\u1edbi PETOUR! Vui l\u00f2ng \u0111\u1ecdc k\u1ef9 \u0110i\u1ec1u kho\u1ea3n s\u1eed d\u1ee5ng (&#8220;\u0110i\u1ec1u kho\u1ea3n&#8221;) n\u00e0y tr\u01b0\u1edbc khi s\u1eed d\u1ee5ng trang web v\u00e0 d\u1ecbch v\u1ee5 c\u1ee7a ch\u00fang t\u00f4i. B\u1eb1ng c\u00e1ch&#8230;<\/p>\n","protected":false},"author":3,"featured_media":0,"parent":0,"menu_order":0,"comment_status":"closed","ping_status":"closed","template":"","meta":{"footnotes":""},"class_list":["post-4253","page","type-page","status-publish"],"_links":{"self":[{"href":"https:\/\/petour.sg\/vi\/wp-json\/wp\/v2\/pages\/4253","targetHints":{"allow":["GET"]}}],"collection":[{"href":"https:\/\/petour.sg\/vi\/wp-json\/wp\/v2\/pages"}],"about":[{"href":"https:\/\/petour.sg\/vi\/wp-json\/wp\/v2\/types\/page"}],"author":[{"embeddable":true,"href":"https:\/\/petour.sg\/vi\/wp-json\/wp\/v2\/users\/3"}],"replies":[{"embeddable":true,"href":"https:\/\/petour.sg\/vi\/wp-json\/wp\/v2\/comments?post=4253"}],"version-history":[{"count":0,"href":"https:\/\/petour.sg\/vi\/wp-json\/wp\/v2\/pages\/4253\/revisions"}],"wp:attachment":[{"href":"https:\/\/petour.sg\/vi\/wp-json\/wp\/v2\/media?parent=4253"}],"curies":[{"name":"wp","href":"https:\/\/api.w.org\/{rel}","templated":true}]}}