{"id":4261,"date":"2024-11-03T03:13:25","date_gmt":"2024-11-03T03:13:25","guid":{"rendered":"https:\/\/petour.sg\/chinh-sach-bao-mat\/"},"modified":"2024-12-10T15:15:39","modified_gmt":"2024-12-10T15:15:39","slug":"privacy-policy","status":"publish","type":"page","link":"https:\/\/petour.sg\/vi\/privacy-policy\/","title":{"rendered":"Ch\u00ednh s\u00e1ch b\u1ea3o m\u1eadt"},"content":{"rendered":"\n<p>PETOUR cam k\u1ebft b\u1ea3o v\u1ec7 s\u1ef1 ri\u00eang t\u01b0 c\u1ee7a b\u1ea1n. Ch\u00ednh s\u00e1ch quy\u1ec1n ri\u00eang t\u01b0 n\u00e0y n\u00eau r\u00f5 c\u00e1ch ch\u00fang t\u00f4i thu th\u1eadp, s\u1eed d\u1ee5ng, chia s\u1ebb v\u00e0 b\u1ea3o v\u1ec7 th\u00f4ng tin m\u00e0 ch\u00fang t\u00f4i thu th\u1eadp t\u1eeb ng\u01b0\u1eddi d\u00f9ng trang web c\u1ee7a ch\u00fang t\u00f4i v\u00e0 c\u00e1c d\u1ecbch v\u1ee5 li\u00ean quan.<br\/>B\u1eb1ng c\u00e1ch s\u1eed d\u1ee5ng trang web c\u1ee7a ch\u00fang t\u00f4i, b\u1ea1n \u0111\u1ed3ng \u00fd v\u1edbi c\u00e1c th\u00f4ng l\u1ec7 \u0111\u01b0\u1ee3c m\u00f4 t\u1ea3 trong Ch\u00ednh s\u00e1ch quy\u1ec1n ri\u00eang t\u01b0 n\u00e0y. N\u1ebfu b\u1ea1n kh\u00f4ng \u0111\u1ed3ng \u00fd v\u1edbi c\u00e1c ch\u00ednh s\u00e1ch v\u00e0 th\u00f4ng l\u1ec7 c\u1ee7a ch\u00fang t\u00f4i, vui l\u00f2ng kh\u00f4ng s\u1eed d\u1ee5ng trang web c\u1ee7a ch\u00fang t\u00f4i.<\/p>\n\n<h2 class=\"wp-block-heading\">Th\u00f4ng tin ch\u00fang t\u00f4i thu th\u1eadp<\/h2>\n\n<p>Ch\u00fang t\u00f4i thu th\u1eadp nhi\u1ec1u lo\u1ea1i th\u00f4ng tin kh\u00e1c nhau \u0111\u1ec3 c\u1ea3i thi\u1ec7n d\u1ecbch v\u1ee5 c\u1ee7a m\u00ecnh v\u00e0 n\u00e2ng cao tr\u1ea3i nghi\u1ec7m c\u1ee7a b\u1ea1n v\u1edbi PETOUR. Bao g\u1ed3m nh\u1eefng \u0111i\u1ec1u sau:<\/p>\n\n<ul class=\"wp-block-list\">\n<li>Th\u00f4ng tin c\u00e1 nh\u00e2n: \u0110i\u1ec1u n\u00e0y bao g\u1ed3m th\u00f4ng tin b\u1ea1n cung c\u1ea5p khi t\u1ea1o t\u00e0i kho\u1ea3n, \u0111\u1eb7t h\u00e0ng ho\u1eb7c li\u00ean h\u1ec7 v\u1edbi ch\u00fang t\u00f4i, ch\u1eb3ng h\u1ea1n nh\u01b0 t\u00ean, \u0111\u1ecba ch\u1ec9 email, s\u1ed1 \u0111i\u1ec7n tho\u1ea1i v\u00e0 \u0111\u1ecba ch\u1ec9 giao h\u00e0ng.<\/li>\n<\/ul>\n\n<ul class=\"wp-block-list\">\n<li>Th\u00f4ng tin thanh to\u00e1n: Khi mua h\u00e0ng, ch\u00fang t\u00f4i c\u00f3 th\u1ec3 thu th\u1eadp chi ti\u1ebft thanh to\u00e1n nh\u01b0 th\u00f4ng tin th\u1ebb t\u00edn d\u1ee5ng c\u1ee7a b\u1ea1n, \u0111\u01b0\u1ee3c x\u1eed l\u00fd b\u1edfi b\u1ed9 x\u1eed l\u00fd thanh to\u00e1n b\u00ean th\u1ee9 ba an to\u00e0n c\u1ee7a ch\u00fang t\u00f4i.<\/li>\n<\/ul>\n\n<ul class=\"wp-block-list\">\n<li>Th\u00f4ng tin phi c\u00e1 nh\u00e2n: Ch\u00fang t\u00f4i c\u00f3 th\u1ec3 thu th\u1eadp th\u00f4ng tin v\u1ec1 c\u00e1ch b\u1ea1n t\u01b0\u01a1ng t\u00e1c v\u1edbi trang web c\u1ee7a ch\u00fang t\u00f4i, bao g\u1ed3m \u0111\u1ecba ch\u1ec9 IP, lo\u1ea1i tr\u00ecnh duy\u1ec7t, th\u00f4ng tin thi\u1ebft b\u1ecb v\u00e0 ho\u1ea1t \u0111\u1ed9ng duy\u1ec7t web.<\/li>\n<\/ul>\n\n<h2 class=\"wp-block-heading\">C\u00e1ch ch\u00fang t\u00f4i s\u1eed d\u1ee5ng th\u00f4ng tin c\u1ee7a b\u1ea1n<\/h2>\n\n<p>Ch\u00fang t\u00f4i s\u1eed d\u1ee5ng th\u00f4ng tin \u0111\u01b0\u1ee3c thu th\u1eadp \u0111\u1ec3:<\/p>\n\n<ul class=\"wp-block-list\">\n<li>X\u1eed l\u00fd v\u00e0 th\u1ef1c hi\u1ec7n \u0111\u01a1n \u0111\u1eb7t h\u00e0ng c\u1ee7a b\u1ea1n.<\/li>\n\n\n\n<li>Li\u00ean l\u1ea1c v\u1edbi b\u1ea1n v\u1ec1 c\u00e1c \u0111\u01a1n \u0111\u1eb7t h\u00e0ng, ch\u01b0\u01a1ng tr\u00ecnh khuy\u1ebfn m\u00e3i ho\u1eb7c y\u00eau c\u1ea7u d\u1ecbch v\u1ee5 kh\u00e1ch h\u00e0ng.<\/li>\n\n\n\n<li>C\u1ea3i thi\u1ec7n trang web, d\u1ecbch v\u1ee5 v\u00e0 s\u1ea3n ph\u1ea9m c\u1ee7a ch\u00fang t\u00f4i.<\/li>\n\n\n\n<li>C\u00e1 nh\u00e2n h\u00f3a tr\u1ea3i nghi\u1ec7m c\u1ee7a b\u1ea1n tr\u00ean trang web c\u1ee7a ch\u00fang t\u00f4i.<\/li>\n\n\n\n<li>Tu\u00e2n th\u1ee7 c\u00e1c ngh\u0129a v\u1ee5 ph\u00e1p l\u00fd v\u00e0 b\u1ea3o v\u1ec7 quy\u1ec1n l\u1ee3i c\u1ee7a ch\u00fang t\u00f4i.<\/li>\n<\/ul>\n\n<h2 class=\"wp-block-heading\">Chia s\u1ebb th\u00f4ng tin c\u1ee7a b\u1ea1n<\/h2>\n\n<p>PETOUR kh\u00f4ng b\u00e1n, trao \u0111\u1ed5i ho\u1eb7c cho thu\u00ea th\u00f4ng tin c\u00e1 nh\u00e2n c\u1ee7a b\u1ea1n cho b\u00ean th\u1ee9 ba. Tuy nhi\u00ean, ch\u00fang t\u00f4i c\u00f3 th\u1ec3 chia s\u1ebb th\u00f4ng tin c\u1ee7a b\u1ea1n v\u1edbi:<\/p>\n\n<ul class=\"wp-block-list\">\n<li>Nh\u00e0 cung c\u1ea5p d\u1ecbch v\u1ee5: Nh\u00e0 cung c\u1ea5p b\u00ean th\u1ee9 ba gi\u00fap ch\u00fang t\u00f4i cung c\u1ea5p v\u00e0 c\u1ea3i thi\u1ec7n d\u1ecbch v\u1ee5 c\u1ee7a m\u00ecnh, bao g\u1ed3m x\u1eed l\u00fd thanh to\u00e1n, v\u1eadn chuy\u1ec3n v\u00e0 ph\u00e2n t\u00edch. C\u00e1c nh\u00e0 cung c\u1ea5p n\u00e0y \u0111\u01b0\u1ee3c y\u00eau c\u1ea7u gi\u1eef b\u00ed m\u1eadt th\u00f4ng tin c\u1ee7a b\u1ea1n v\u00e0 ch\u1ec9 s\u1eed d\u1ee5ng th\u00f4ng tin \u0111\u00f3 cho c\u00e1c d\u1ecbch v\u1ee5 m\u00e0 ch\u00fang t\u00f4i \u0111\u00e3 thu\u00ea h\u1ecd th\u1ef1c hi\u1ec7n.<\/li>\n<\/ul>\n\n<ul class=\"wp-block-list\">\n<li>Tu\u00e2n th\u1ee7 ph\u00e1p lu\u1eadt: Ch\u00fang t\u00f4i c\u00f3 th\u1ec3 ti\u1ebft l\u1ed9 th\u00f4ng tin c\u1ee7a b\u1ea1n tr\u1eeb khi \u0111\u01b0\u1ee3c c\u01a1 quan c\u00f3 th\u1ea9m quy\u1ec1n c\u1ee7a qu\u1ed1c gia s\u1edf t\u1ea1i y\u00eau c\u1ea7u.<\/li>\n<\/ul>\n\n<ul class=\"wp-block-list\">\n<li>Chuy\u1ec3n giao doanh nghi\u1ec7p: Trong tr\u01b0\u1eddng h\u1ee3p s\u00e1p nh\u1eadp, mua l\u1ea1i ho\u1eb7c b\u00e1n t\u00e0i s\u1ea3n, th\u00f4ng tin c\u1ee7a b\u1ea1n c\u00f3 th\u1ec3 \u0111\u01b0\u1ee3c chuy\u1ec3n giao nh\u01b0 m\u1ed9t ph\u1ea7n c\u1ee7a giao d\u1ecbch.<\/li>\n<\/ul>\n\n<h2 class=\"wp-block-heading\">B\u1ea3o m\u1eadt d\u1eef li\u1ec7u<\/h2>\n\n<p>Ch\u00fang t\u00f4i th\u1ef1c hi\u1ec7n c\u00e1c bi\u1ec7n ph\u00e1p h\u1ee3p l\u00fd \u0111\u1ec3 b\u1ea3o v\u1ec7 th\u00f4ng tin c\u00e1 nh\u00e2n c\u1ee7a b\u1ea1n kh\u1ecfi b\u1ecb truy c\u1eadp, s\u1eed d\u1ee5ng ho\u1eb7c ti\u1ebft l\u1ed9 tr\u00e1i ph\u00e9p. M\u1eb7c d\u00f9 ch\u00fang t\u00f4i c\u1ed1 g\u1eafng s\u1eed d\u1ee5ng c\u00e1c ph\u01b0\u01a1ng ti\u1ec7n \u0111\u01b0\u1ee3c ch\u1ea5p nh\u1eadn v\u1ec1 m\u1eb7t th\u01b0\u01a1ng m\u1ea1i \u0111\u1ec3 b\u1ea3o v\u1ec7 d\u1eef li\u1ec7u c\u1ee7a b\u1ea1n nh\u01b0ng ch\u00fang t\u00f4i kh\u00f4ng th\u1ec3 \u0111\u1ea3m b\u1ea3o t\u00ednh b\u1ea3o m\u1eadt tuy\u1ec7t \u0111\u1ed1i.<\/p>\n\n<h2 class=\"wp-block-heading\">L\u1ef1a ch\u1ecdn v\u00e0 Quy\u1ec1n c\u1ee7a B\u1ea1n<\/h2>\n\n<p>T\u00f9y thu\u1ed9c v\u00e0o v\u1ecb tr\u00ed c\u1ee7a b\u1ea1n, b\u1ea1n c\u00f3 th\u1ec3 c\u00f3 c\u00e1c quy\u1ec1n li\u00ean quan \u0111\u1ebfn th\u00f4ng tin c\u00e1 nh\u00e2n c\u1ee7a m\u00ecnh, ch\u1eb3ng h\u1ea1n nh\u01b0:<\/p>\n\n<ul class=\"wp-block-list\">\n<li>Truy c\u1eadp: Y\u00eau c\u1ea7u quy\u1ec1n truy c\u1eadp v\u00e0o th\u00f4ng tin c\u00e1 nh\u00e2n c\u1ee7a b\u1ea1n.<\/li>\n<\/ul>\n\n<ul class=\"wp-block-list\">\n<li>Ch\u1ec9nh s\u1eeda: Y\u00eau c\u1ea7u ch\u1ec9nh s\u1eeda b\u1ea5t k\u1ef3 th\u00f4ng tin n\u00e0o kh\u00f4ng ch\u00ednh x\u00e1c c\u1ee7a b\u1ea1n.<\/li>\n<\/ul>\n\n<ul class=\"wp-block-list\">\n<li>X\u00f3a: Y\u00eau c\u1ea7u x\u00f3a th\u00f4ng tin c\u00e1 nh\u00e2n c\u1ee7a b\u1ea1n, tr\u1eeb m\u1ed9t s\u1ed1 tr\u01b0\u1eddng h\u1ee3p ngo\u1ea1i l\u1ec7.<\/li>\n<\/ul>\n\n<ul class=\"wp-block-list\">\n<li>T\u1eeb ch\u1ed1i: T\u1eeb ch\u1ed1i nh\u1eadn th\u00f4ng tin ti\u1ebfp th\u1ecb b\u1eb1ng c\u00e1ch l\u00e0m theo h\u01b0\u1edbng d\u1eabn h\u1ee7y \u0111\u0103ng k\u00fd trong email c\u1ee7a ch\u00fang t\u00f4i.<\/li>\n<\/ul>\n\n<p>\u0110\u1ec3 th\u1ef1c hi\u1ec7n b\u1ea5t k\u1ef3 quy\u1ec1n n\u00e0o trong s\u1ed1 n\u00e0y, vui l\u00f2ng li\u00ean h\u1ec7 v\u1edbi ch\u00fang t\u00f4i t\u1ea1i <a href=\"https:\/\/petour.sg\/vi\/lien-he-chung-toi\/#contact\">https:\/\/petour.sg\/contact-us\/#contact<\/a>.<\/p>\n\n<h2 class=\"wp-block-heading\">Chuy\u1ec3n kho\u1ea3n qu\u1ed1c t\u1ebf<\/h2>\n\n<p>PETOUR c\u00f3 tr\u1ee5 s\u1edf t\u1ea1i Vi\u1ec7t Nam. B\u1eb1ng c\u00e1ch s\u1eed d\u1ee5ng trang web c\u1ee7a ch\u00fang t\u00f4i, b\u1ea1n \u0111\u1ed3ng \u00fd v\u1edbi vi\u1ec7c truy\u1ec1n, x\u1eed l\u00fd v\u00e0 l\u01b0u tr\u1eef th\u00f4ng tin c\u1ee7a b\u1ea1n t\u1ea1i Vi\u1ec7t Nam v\u00e0 b\u1ea5t k\u1ef3 qu\u1ed1c gia n\u00e0o kh\u00e1c n\u01a1i ch\u00fang t\u00f4i ho\u1ea1t \u0111\u1ed9ng.<br\/><\/p>\n\n<h2 class=\"wp-block-heading\">Nh\u1eefng thay \u0111\u1ed5i \u0111\u1ed1i v\u1edbi Ch\u00ednh s\u00e1ch quy\u1ec1n ri\u00eang t\u01b0<\/h2>\n\n<p>Ch\u00fang t\u00f4i c\u00f3 th\u1ec3 c\u1eadp nh\u1eadt Ch\u00ednh s\u00e1ch quy\u1ec1n ri\u00eang t\u01b0 c\u1ee7a m\u00ecnh \u0111\u1ecbnh k\u1ef3 \u0111\u1ec3 ph\u1ea3n \u00e1nh nh\u1eefng thay \u0111\u1ed5i trong th\u1ef1c ti\u1ec5n c\u1ee7a ch\u00fang t\u00f4i ho\u1eb7c v\u00ec l\u00fd do ph\u00e1p l\u00fd, quy \u0111\u1ecbnh ho\u1eb7c ho\u1ea1t \u0111\u1ed9ng. Ch\u00ednh s\u00e1ch quy\u1ec1n ri\u00eang t\u01b0 \u0111\u01b0\u1ee3c c\u1eadp nh\u1eadt s\u1ebd \u0111\u01b0\u1ee3c \u0111\u0103ng tr\u00ean trang n\u00e0y v\u00e0 ng\u00e0y c\u1eadp nh\u1eadt cu\u1ed1i c\u00f9ng s\u1ebd \u0111\u01b0\u1ee3c ch\u1ec9 \u0111\u1ecbnh \u1edf tr\u00ean c\u00f9ng.<\/p>\n\n<p><\/p>\n","protected":false},"excerpt":{"rendered":"<p>PETOUR cam k\u1ebft b\u1ea3o v\u1ec7 s\u1ef1 ri\u00eang t\u01b0 c\u1ee7a b\u1ea1n. Ch\u00ednh s\u00e1ch quy\u1ec1n ri\u00eang t\u01b0 n\u00e0y n\u00eau r\u00f5 c\u00e1ch ch\u00fang t\u00f4i thu th\u1eadp, s\u1eed d\u1ee5ng, chia s\u1ebb v\u00e0 b\u1ea3o v\u1ec7&#8230;<\/p>\n","protected":false},"author":1,"featured_media":0,"parent":0,"menu_order":0,"comment_status":"closed","ping_status":"open","template":"","meta":{"footnotes":""},"class_list":["post-4261","page","type-page","status-publish"],"_links":{"self":[{"href":"https:\/\/petour.sg\/vi\/wp-json\/wp\/v2\/pages\/4261","targetHints":{"allow":["GET"]}}],"collection":[{"href":"https:\/\/petour.sg\/vi\/wp-json\/wp\/v2\/pages"}],"about":[{"href":"https:\/\/petour.sg\/vi\/wp-json\/wp\/v2\/types\/page"}],"author":[{"embeddable":true,"href":"https:\/\/petour.sg\/vi\/wp-json\/wp\/v2\/users\/1"}],"replies":[{"embeddable":true,"href":"https:\/\/petour.sg\/vi\/wp-json\/wp\/v2\/comments?post=4261"}],"version-history":[{"count":0,"href":"https:\/\/petour.sg\/vi\/wp-json\/wp\/v2\/pages\/4261\/revisions"}],"wp:attachment":[{"href":"https:\/\/petour.sg\/vi\/wp-json\/wp\/v2\/media?parent=4261"}],"curies":[{"name":"wp","href":"https:\/\/api.w.org\/{rel}","templated":true}]}}