{"id":2728,"date":"2024-11-21T11:27:38","date_gmt":"2024-11-21T11:27:38","guid":{"rendered":"https:\/\/petour.sg\/product\/chicken-liver-freeze-dried\/"},"modified":"2024-12-09T09:35:29","modified_gmt":"2024-12-09T09:35:29","slug":"chicken-liver-freeze-dried","status":"publish","type":"product","link":"https:\/\/petour.sg\/vi\/product\/chicken-liver-freeze-dried\/","title":{"rendered":"Chicken Liver Freeze Dried"},"content":{"rendered":"[vc_row type=&#8221;in_container&#8221; full_screen_row_position=&#8221;middle&#8221; column_margin=&#8221;default&#8221; column_direction=&#8221;default&#8221; column_direction_tablet=&#8221;default&#8221; column_direction_phone=&#8221;default&#8221; scene_position=&#8221;center&#8221; text_color=&#8221;dark&#8221; text_align=&#8221;left&#8221; row_border_radius=&#8221;none&#8221; row_border_radius_applies=&#8221;bg&#8221; overflow=&#8221;visible&#8221; overlay_strength=&#8221;0.3&#8243; gradient_direction=&#8221;left_to_right&#8221; shape_divider_position=&#8221;bottom&#8221; bg_image_animation=&#8221;none&#8221;][vc_column column_padding=&#8221;no-extra-padding&#8221; column_padding_tablet=&#8221;inherit&#8221; column_padding_phone=&#8221;inherit&#8221; column_padding_position=&#8221;all&#8221; column_element_direction_desktop=&#8221;default&#8221; column_element_spacing=&#8221;default&#8221; desktop_text_alignment=&#8221;default&#8221; tablet_text_alignment=&#8221;default&#8221; phone_text_alignment=&#8221;default&#8221; background_color_opacity=&#8221;1&#8243; background_hover_color_opacity=&#8221;1&#8243; column_backdrop_filter=&#8221;none&#8221; column_shadow=&#8221;none&#8221; column_border_radius=&#8221;none&#8221; column_link_target=&#8221;_self&#8221; column_position=&#8221;default&#8221; gradient_direction=&#8221;left_to_right&#8221; overlay_strength=&#8221;0.3&#8243; width=&#8221;1\/1&#8243; tablet_width_inherit=&#8221;default&#8221; animation_type=&#8221;default&#8221; bg_image_animation=&#8221;none&#8221; border_type=&#8221;simple&#8221; column_border_width=&#8221;none&#8221; column_border_style=&#8221;solid&#8221;]<div class=\"nectar-fancy-ul\" data-list-icon=\"fa fa-star\" data-animation=\"true\" data-animation-delay=\"0\" data-color=\"accent-color\" data-spacing=\"default\" data-alignment=\"left\"> \n<ul>\n<li><strong>C\u00f4ng ngh\u1ec7 s\u1ea5y l\u1ea1nh gi\u1eef nguy\u00ean ch\u1ea5t dinh d\u01b0\u1ee1ng<\/strong><br \/>\nC\u00f4ng ngh\u1ec7 s\u1ea5y l\u1ea1nh ti\u00ean ti\u1ebfn gi\u00fap kh\u1eed b\u1ecf \u0111\u1ed9 \u1ea9m trong gan g\u00e0 t\u01b0\u01a1i, c\u00f4 \u0111\u1eb7c c\u00e1c d\u01b0\u1ee1ng ch\u1ea5t v\u00e0 gi\u1eef tr\u1ecdn h\u01b0\u01a1ng v\u1ecb t\u1ef1 nhi\u00ean.<\/li>\n<li><strong>Ngu\u1ed3n protein v\u00e0 vitamin cao<\/strong><br \/>\nGan g\u00e0 r\u1ea5t gi\u00e0u protein ch\u1ea5t l\u01b0\u1ee3ng cao, gi\u00fap m\u00e8o ph\u00e1t tri\u1ec3n kh\u1ecfe m\u1ea1nh. \u0110\u1eb7c bi\u1ec7t, h\u00e0m l\u01b0\u1ee3ng vitamin A d\u1ed3i d\u00e0o trong gan g\u00e0 gi\u00fap \u0111\u00f4i m\u1eaft m\u00e8o lu\u00f4n s\u00e1ng kh\u1ecfe v\u00e0 b\u1ed9 l\u00f4ng m\u01b0\u1ee3t m\u00e0.<\/li>\n<li><strong>Gi\u00e0u s\u1eaft v\u00e0 c\u00e1c kho\u00e1ng ch\u1ea5t quan tr\u1ecdng kh\u00e1c<\/strong><br \/>\nH\u00e0m l\u01b0\u1ee3ng s\u1eaft cao trong gan g\u00e0 gi\u00fap ng\u0103n ng\u1eeba b\u1ec7nh thi\u1ebfu m\u00e1u \u1edf m\u00e8o v\u00e0 t\u0103ng c\u01b0\u1eddng th\u1ec3 tr\u1ea1ng m\u00e1u. C\u00e1c kho\u00e1ng ch\u1ea5t thi\u1ebft y\u1ebfu kh\u00e1c nh\u01b0 k\u1ebdm v\u00e0 \u0111\u1ed3ng s\u1ebd gi\u00fap c\u1ea3i thi\u1ec7n kh\u1ea3 n\u0103ng mi\u1ec5n d\u1ecbch t\u1ed5ng th\u1ec3.<\/li>\n<li><strong>L\u1ef1a ch\u1ecdn l\u00fd t\u01b0\u1edfng cho m\u00e8o k\u00e9n \u0103n<\/strong><br \/>\nH\u01b0\u01a1ng v\u1ecb \u0111\u1eadm \u0111\u00e0 c\u1ee7a gan g\u00e0 thu h\u00fat c\u1ea3 c\u00e1c b\u1ea1n m\u00e8o k\u00e9n \u0103n. Qu\u00fd kh\u00e1ch c\u0169ng c\u00f3 th\u1ec3 tr\u1ed9n gan g\u00e0 v\u00e0o b\u1eefa \u0103n ch\u00ednh c\u1ee7a m\u00e8o \u0111\u1ec3 n\u00e2ng cao h\u00e0m l\u01b0\u1ee3ng dinh d\u01b0\u1ee1ng t\u1ed5ng th\u1ec3.<\/li>\n<\/ul>\n <\/div>[\/vc_column][\/vc_row]\n","protected":false},"excerpt":{"rendered":"<p>40g<\/p>\n","protected":false},"featured_media":2564,"template":"","meta":[],"product_brand":[],"product_cat":[195,200],"product_tag":[],"class_list":{"0":"post-2728","1":"product","2":"type-product","3":"status-publish","4":"has-post-thumbnail","6":"product_cat-bite-of-wild-vi","7":"product_cat-freeze-dried-boosters-vi","9":"first","10":"instock","11":"shipping-taxable","12":"product-type-external"},"_links":{"self":[{"href":"https:\/\/petour.sg\/vi\/wp-json\/wp\/v2\/product\/2728","targetHints":{"allow":["GET"]}}],"collection":[{"href":"https:\/\/petour.sg\/vi\/wp-json\/wp\/v2\/product"}],"about":[{"href":"https:\/\/petour.sg\/vi\/wp-json\/wp\/v2\/types\/product"}],"wp:featuredmedia":[{"embeddable":true,"href":"https:\/\/petour.sg\/vi\/wp-json\/wp\/v2\/media\/2564"}],"wp:attachment":[{"href":"https:\/\/petour.sg\/vi\/wp-json\/wp\/v2\/media?parent=2728"}],"wp:term":[{"taxonomy":"product_brand","embeddable":true,"href":"https:\/\/petour.sg\/vi\/wp-json\/wp\/v2\/product_brand?post=2728"},{"taxonomy":"product_cat","embeddable":true,"href":"https:\/\/petour.sg\/vi\/wp-json\/wp\/v2\/product_cat?post=2728"},{"taxonomy":"product_tag","embeddable":true,"href":"https:\/\/petour.sg\/vi\/wp-json\/wp\/v2\/product_tag?post=2728"}],"curies":[{"name":"wp","href":"https:\/\/api.w.org\/{rel}","templated":true}]}}