{"id":2732,"date":"2024-11-21T11:23:06","date_gmt":"2024-11-21T11:23:06","guid":{"rendered":"https:\/\/petour.sg\/product\/raw-flesh-meat-freeze-dried\/"},"modified":"2024-12-09T12:12:35","modified_gmt":"2024-12-09T12:12:35","slug":"raw-flesh-meat-freeze-dried","status":"publish","type":"product","link":"https:\/\/petour.sg\/vi\/product\/raw-flesh-meat-freeze-dried\/","title":{"rendered":"Raw Flesh Meat Freeze Dried"},"content":{"rendered":"[vc_row type=&#8221;in_container&#8221; full_screen_row_position=&#8221;middle&#8221; column_margin=&#8221;default&#8221; column_direction=&#8221;default&#8221; column_direction_tablet=&#8221;default&#8221; column_direction_phone=&#8221;default&#8221; scene_position=&#8221;center&#8221; text_color=&#8221;dark&#8221; text_align=&#8221;left&#8221; row_border_radius=&#8221;none&#8221; row_border_radius_applies=&#8221;bg&#8221; overflow=&#8221;visible&#8221; overlay_strength=&#8221;0.3&#8243; gradient_direction=&#8221;left_to_right&#8221; shape_divider_position=&#8221;bottom&#8221; bg_image_animation=&#8221;none&#8221;][vc_column column_padding=&#8221;no-extra-padding&#8221; column_padding_tablet=&#8221;inherit&#8221; column_padding_phone=&#8221;inherit&#8221; column_padding_position=&#8221;all&#8221; column_element_direction_desktop=&#8221;default&#8221; column_element_spacing=&#8221;default&#8221; desktop_text_alignment=&#8221;default&#8221; tablet_text_alignment=&#8221;default&#8221; phone_text_alignment=&#8221;default&#8221; background_color_opacity=&#8221;1&#8243; background_hover_color_opacity=&#8221;1&#8243; column_backdrop_filter=&#8221;none&#8221; column_shadow=&#8221;none&#8221; column_border_radius=&#8221;none&#8221; column_link_target=&#8221;_self&#8221; column_position=&#8221;default&#8221; gradient_direction=&#8221;left_to_right&#8221; overlay_strength=&#8221;0.3&#8243; width=&#8221;1\/1&#8243; tablet_width_inherit=&#8221;default&#8221; animation_type=&#8221;default&#8221; bg_image_animation=&#8221;none&#8221; border_type=&#8221;simple&#8221; column_border_width=&#8221;none&#8221; column_border_style=&#8221;solid&#8221;]<div class=\"nectar-fancy-ul\" data-list-icon=\"fa fa-star\" data-animation=\"true\" data-animation-delay=\"0\" data-color=\"accent-color\" data-spacing=\"default\" data-alignment=\"left\"> \n<ul>\n<li><strong>C\u00f4ng ngh\u1ec7 s\u1ea5y l\u1ea1nh gi\u00fap gi\u1eef nguy\u00ean d\u01b0\u1ee1ng ch\u1ea5t v\u00e0 h\u01b0\u01a1ng v\u1ecb<\/strong><br \/>\nC\u00f4ng ngh\u1ec7 s\u1ea5y l\u1ea1nh ti\u00ean ti\u1ebfn gi\u00fap gi\u1eef l\u1ea1i ch\u1ea5t dinh d\u01b0\u1ee1ng v\u00e0 h\u01b0\u01a1ng v\u1ecb g\u1ed1c c\u1ee7a x\u01b0\u01a1ng v\u00e0 th\u1ecbt s\u1ed1ng, kh\u00f4ng th\u00eam ch\u1ea5t b\u1ea3o qu\u1ea3n hay th\u00e0nh ph\u1ea7n h\u00f3a h\u1ecdc n\u00e0o \u0111\u1ec3 \u0111\u1ea3m b\u1ea3o \u0111\u1ed9 tinh khi\u1ebft t\u1ef1 nhi\u00ean c\u1ee7a s\u1ea3n ph\u1ea9m.<\/li>\n<li><strong>T\u0103ng c\u01b0\u1eddng s\u1ee9c kh\u1ecfe v\u00e0 kh\u1ea3 n\u0103ng mi\u1ec5n d\u1ecbch<\/strong><br \/>\nX\u01b0\u01a1ng v\u00e0 th\u1ecbt s\u1ed1ng s\u1ea5y l\u1ea1nh r\u1ea5t gi\u00e0u vitamin, kho\u00e1ng ch\u1ea5t v\u00e0 axit b\u00e9o t\u1ef1 nhi\u00ean nh\u01b0 Omega-3 v\u00e0 Omega-6, h\u1ed7 tr\u1ee3 t\u0103ng c\u01b0\u1eddng kh\u1ea3 n\u0103ng mi\u1ec5n d\u1ecbch c\u1ee7a m\u00e8o, gi\u00fap da kh\u1ecfe v\u00e0 l\u00f4ng b\u00f3ng m\u01b0\u1ee3t.<\/li>\n<li><strong>Ngu\u1ed3n protein cao<\/strong><br \/>\nS\u1ea3n ph\u1ea9m x\u01b0\u01a1ng v\u00e0 th\u1ecbt s\u1ed1ng s\u1ea5y l\u1ea1nh r\u1ea5t gi\u00e0u protein \u0111\u1ed9ng v\u1eadt ch\u1ea5t l\u01b0\u1ee3ng cao, gi\u00fap m\u00e8o ph\u00e1t tri\u1ec3n c\u01a1 b\u1eafp.<\/li>\n<li><strong>G\u1ea7n v\u1edbi ch\u1ebf \u0111\u1ed9 \u0103n nguy\u00ean th\u1ee7y<\/strong><br \/>\nV\u00ec m\u00e8o l\u00e0 lo\u00e0i \u0103n th\u1ecbt n\u00ean x\u01b0\u01a1ng v\u00e0 th\u1ecbt s\u1ed1ng r\u1ea5t ph\u00f9 h\u1ee3p v\u1edbi t\u1eadp t\u00ednh \u0103n u\u1ed1ng t\u1ef1 nhi\u00ean c\u1ee7a m\u00e8o.<\/li>\n<li><strong>Kh\u00f4ng c\u00f3 ph\u1ee5 gia nh\u00e2n t\u1ea1o<\/strong><br \/>\nS\u1ea3n ph\u1ea9m kh\u00f4ng ch\u1ee9a ng\u0169 c\u1ed1c, \u0111\u1eadu h\u1ea1t hay b\u1ea5t k\u1ef3 ch\u1ea5t ph\u1ee5 gia nh\u00e2n t\u1ea1o n\u00e0o, n\u00ean s\u1ebd r\u1ea5t th\u00edch h\u1ee3p cho c\u00e1c b\u1ea1n m\u00e8o nh\u1ea1y c\u1ea3m v\u1edbi th\u1ef1c ph\u1ea9m \u0111\u00e3 qua ch\u1ebf bi\u1ebfn ho\u1eb7c b\u1ecb d\u1ecb \u1ee9ng th\u1ef1c ph\u1ea9m, \u0111\u1ea3m b\u1ea3o m\u00e8o \u0111\u01b0\u1ee3c h\u1ea5p th\u1ee5 ngu\u1ed3n dinh d\u01b0\u1ee1ng thu\u1ea7n khi\u1ebft t\u1eeb thi\u00ean nhi\u00ean.<\/li>\n<\/ul>\n <\/div>[\/vc_column][\/vc_row]\n","protected":false},"excerpt":{"rendered":"<p>40g<\/p>\n","protected":false},"featured_media":2636,"template":"","meta":[],"product_brand":[],"product_cat":[195,200],"product_tag":[],"class_list":{"0":"post-2732","1":"product","2":"type-product","3":"status-publish","4":"has-post-thumbnail","6":"product_cat-bite-of-wild-vi","7":"product_cat-freeze-dried-boosters-vi","9":"first","10":"instock","11":"shipping-taxable","12":"product-type-external"},"_links":{"self":[{"href":"https:\/\/petour.sg\/vi\/wp-json\/wp\/v2\/product\/2732","targetHints":{"allow":["GET"]}}],"collection":[{"href":"https:\/\/petour.sg\/vi\/wp-json\/wp\/v2\/product"}],"about":[{"href":"https:\/\/petour.sg\/vi\/wp-json\/wp\/v2\/types\/product"}],"wp:featuredmedia":[{"embeddable":true,"href":"https:\/\/petour.sg\/vi\/wp-json\/wp\/v2\/media\/2636"}],"wp:attachment":[{"href":"https:\/\/petour.sg\/vi\/wp-json\/wp\/v2\/media?parent=2732"}],"wp:term":[{"taxonomy":"product_brand","embeddable":true,"href":"https:\/\/petour.sg\/vi\/wp-json\/wp\/v2\/product_brand?post=2732"},{"taxonomy":"product_cat","embeddable":true,"href":"https:\/\/petour.sg\/vi\/wp-json\/wp\/v2\/product_cat?post=2732"},{"taxonomy":"product_tag","embeddable":true,"href":"https:\/\/petour.sg\/vi\/wp-json\/wp\/v2\/product_tag?post=2732"}],"curies":[{"name":"wp","href":"https:\/\/api.w.org\/{rel}","templated":true}]}}