{"id":2736,"date":"2024-11-21T11:19:01","date_gmt":"2024-11-21T11:19:01","guid":{"rendered":"https:\/\/petour.sg\/product\/egg-yolk-freeze-dried\/"},"modified":"2024-12-09T12:15:58","modified_gmt":"2024-12-09T12:15:58","slug":"egg-yolk-freeze-dried","status":"publish","type":"product","link":"https:\/\/petour.sg\/vi\/product\/egg-yolk-freeze-dried\/","title":{"rendered":"Egg Yolk Freeze Dried"},"content":{"rendered":"[vc_row type=&#8221;in_container&#8221; full_screen_row_position=&#8221;middle&#8221; column_margin=&#8221;default&#8221; column_direction=&#8221;default&#8221; column_direction_tablet=&#8221;default&#8221; column_direction_phone=&#8221;default&#8221; scene_position=&#8221;center&#8221; text_color=&#8221;dark&#8221; text_align=&#8221;left&#8221; row_border_radius=&#8221;none&#8221; row_border_radius_applies=&#8221;bg&#8221; overflow=&#8221;visible&#8221; overlay_strength=&#8221;0.3&#8243; gradient_direction=&#8221;left_to_right&#8221; shape_divider_position=&#8221;bottom&#8221; bg_image_animation=&#8221;none&#8221;][vc_column column_padding=&#8221;no-extra-padding&#8221; column_padding_tablet=&#8221;inherit&#8221; column_padding_phone=&#8221;inherit&#8221; column_padding_position=&#8221;all&#8221; column_element_direction_desktop=&#8221;default&#8221; column_element_spacing=&#8221;default&#8221; desktop_text_alignment=&#8221;default&#8221; tablet_text_alignment=&#8221;default&#8221; phone_text_alignment=&#8221;default&#8221; background_color_opacity=&#8221;1&#8243; background_hover_color_opacity=&#8221;1&#8243; column_backdrop_filter=&#8221;none&#8221; column_shadow=&#8221;none&#8221; column_border_radius=&#8221;none&#8221; column_link_target=&#8221;_self&#8221; column_position=&#8221;default&#8221; gradient_direction=&#8221;left_to_right&#8221; overlay_strength=&#8221;0.3&#8243; width=&#8221;1\/1&#8243; tablet_width_inherit=&#8221;default&#8221; animation_type=&#8221;default&#8221; bg_image_animation=&#8221;none&#8221; border_type=&#8221;simple&#8221; column_border_width=&#8221;none&#8221; column_border_style=&#8221;solid&#8221;]<div class=\"nectar-fancy-ul\" data-list-icon=\"fa fa-star\" data-animation=\"true\" data-animation-delay=\"0\" data-color=\"accent-color\" data-spacing=\"default\" data-alignment=\"left\"> \n<ul>\n<li><strong>C\u00f4ng ngh\u1ec7 s\u1ea5y l\u1ea1nh gi\u1eef tr\u1ecdn \u0111\u1ed9 t\u01b0\u01a1i ngon<\/strong><br \/>\nS\u1eed d\u1ee5ng c\u00f4ng ngh\u1ec7 s\u1ea5y l\u1ea1nh ti\u00ean ti\u1ebfn, d\u01b0\u1ee1ng ch\u1ea5t t\u1ef1 nhi\u00ean v\u00e0 h\u01b0\u01a1ng v\u1ecb t\u01b0\u01a1i ngon c\u1ee7a l\u00f2ng \u0111\u1ecf tr\u1ee9ng \u0111\u01b0\u1ee3c gi\u1eef nguy\u00ean, c\u00f3 th\u1ec3 b\u1ea3o qu\u1ea3n l\u00e2u d\u00e0i m\u00e0 kh\u00f4ng \u1ea3nh h\u01b0\u1edfng \u0111\u1ebfn ch\u1ea5t l\u01b0\u1ee3ng.<\/li>\n<li><strong>Th\u00edch h\u1ee3p cho m\u00e8o \u1edf m\u1ecdi \u0111\u1ed9 tu\u1ed5i, \u0111\u1eb7c bi\u1ec7t l\u00e0 m\u00e8o \u0111ang mang thai v\u00e0 m\u00e8o con<\/strong><br \/>\nL\u00f2ng \u0111\u1ecf tr\u1ee9ng s\u1ea5y l\u1ea1nh \u0111\u1eb7c bi\u1ec7t ph\u00f9 h\u1ee3p khi m\u00e8o c\u1ea7n b\u1ed5 sung dinh d\u01b0\u1ee1ng, \u0111\u1eb7c bi\u1ec7t l\u00e0 m\u00e8o mang thai v\u00e0 m\u00e8o con \u0111ang l\u1edbn.<\/li>\n<li><strong>Gi\u00e0u vitamin v\u00e0 kho\u00e1ng ch\u1ea5t<\/strong><br \/>\nGi\u00e0u vitamin A, D, E, nh\u00f3m B c\u0169ng nh\u01b0 canxi, ph\u1ed1t pho, s\u1eaft v\u00e0 c\u00e1c kho\u00e1ng ch\u1ea5t kh\u00e1c, l\u00f2ng \u0111\u1ecf h\u1ed7 tr\u1ee3 s\u1ef1 t\u0103ng tr\u01b0\u1edfng v\u00e0 ph\u00e1t tri\u1ec3n c\u1ee7a m\u00e8o, gi\u00fap x\u01b0\u01a1ng ch\u1eafc kh\u1ecfe v\u00e0 th\u1ecb l\u1ef1c kh\u1ecfe m\u1ea1nh.<\/li>\n<li><strong>Ngu\u1ed3n protein cao v\u00e0 ch\u1ea5t b\u00e9o l\u00e0nh m\u1ea1nh<\/strong><br \/>\nL\u00f2ng \u0111\u1ecf tr\u1ee9ng r\u1ea5t gi\u00e0u protein ch\u1ea5t l\u01b0\u1ee3ng cao v\u00e0 c\u00e1c axit b\u00e9o l\u00e0nh m\u1ea1nh, ch\u1eb3ng h\u1ea1n nh\u01b0 Omega-3 v\u00e0 Omega-6, g\u00f3p ph\u1ea7n gi\u00fap kh\u1ecfe da m\u01b0\u1ee3t l\u00f4ng v\u00e0 n\u00e2ng cao th\u1ec3 ch\u1ea5t t\u1ed5ng th\u1ec3 c\u1ee7a m\u00e8o.<\/li>\n<li><strong>D\u1ec5 ti\u00eau h\u00f3a<\/strong><br \/>\nL\u00f2ng \u0111\u1ecf tr\u1ee9ng c\u00f3 k\u1ebft c\u1ea5u m\u1ec1m m\u1ecbn, gi\u00e0u dinh d\u01b0\u1ee1ng v\u00e0 d\u1ec5 ti\u00eau h\u00f3a, th\u00edch h\u1ee3p cho m\u00e8o con v\u00e0 m\u00e8o gi\u00e0 c\u00f3 d\u1ea1 d\u00e0y nh\u1ea1y c\u1ea3m ho\u1eb7c h\u1ec7 ti\u00eau h\u00f3a kh\u00f4ng c\u00f2n ho\u1ea1t \u0111\u1ed9ng t\u1ed1t nh\u01b0 tr\u01b0\u1edbc.<\/li>\n<li><strong>Kh\u00f4ng c\u00f3 ch\u1ea5t ph\u1ee5 gia, \u0111\u1ea3m b\u1ea3o an to\u00e0n<\/strong><br \/>\nL\u00f2ng \u0111\u1ecf tr\u1ee9ng t\u1ef1 nhi\u00ean \u0111\u01b0\u1ee3c s\u1ea5y l\u1ea1nh v\u00e0 kh\u00f4ng th\u00eam ph\u1ee5 gia nh\u00e2n t\u1ea1o, ch\u1ea5t b\u1ea3o qu\u1ea3n hay th\u00e0nh ph\u1ea7n h\u00f3a h\u1ecdc n\u00e0o kh\u00e1c, gi\u00fap b\u1ed5 sung dinh d\u01b0\u1ee1ng an to\u00e0n cho m\u00e8o.<\/li>\n<\/ul>\n <\/div>[\/vc_column][\/vc_row]\n","protected":false},"excerpt":{"rendered":"<p>40g<\/p>\n","protected":false},"featured_media":2588,"template":"","meta":[],"product_brand":[],"product_cat":[195,200],"product_tag":[],"class_list":{"0":"post-2736","1":"product","2":"type-product","3":"status-publish","4":"has-post-thumbnail","6":"product_cat-bite-of-wild-vi","7":"product_cat-freeze-dried-boosters-vi","9":"first","10":"instock","11":"shipping-taxable","12":"product-type-external"},"_links":{"self":[{"href":"https:\/\/petour.sg\/vi\/wp-json\/wp\/v2\/product\/2736","targetHints":{"allow":["GET"]}}],"collection":[{"href":"https:\/\/petour.sg\/vi\/wp-json\/wp\/v2\/product"}],"about":[{"href":"https:\/\/petour.sg\/vi\/wp-json\/wp\/v2\/types\/product"}],"wp:featuredmedia":[{"embeddable":true,"href":"https:\/\/petour.sg\/vi\/wp-json\/wp\/v2\/media\/2588"}],"wp:attachment":[{"href":"https:\/\/petour.sg\/vi\/wp-json\/wp\/v2\/media?parent=2736"}],"wp:term":[{"taxonomy":"product_brand","embeddable":true,"href":"https:\/\/petour.sg\/vi\/wp-json\/wp\/v2\/product_brand?post=2736"},{"taxonomy":"product_cat","embeddable":true,"href":"https:\/\/petour.sg\/vi\/wp-json\/wp\/v2\/product_cat?post=2736"},{"taxonomy":"product_tag","embeddable":true,"href":"https:\/\/petour.sg\/vi\/wp-json\/wp\/v2\/product_tag?post=2736"}],"curies":[{"name":"wp","href":"https:\/\/api.w.org\/{rel}","templated":true}]}}