{"id":2740,"date":"2024-11-21T11:16:18","date_gmt":"2024-11-21T11:16:18","guid":{"rendered":"https:\/\/petour.sg\/product\/cat-grass-freeze-dried\/"},"modified":"2024-12-09T12:17:33","modified_gmt":"2024-12-09T12:17:33","slug":"cat-grass-freeze-dried","status":"publish","type":"product","link":"https:\/\/petour.sg\/vi\/product\/cat-grass-freeze-dried\/","title":{"rendered":"Cat Grass Freeze Dried"},"content":{"rendered":"[vc_row type=&#8221;in_container&#8221; full_screen_row_position=&#8221;middle&#8221; column_margin=&#8221;default&#8221; column_direction=&#8221;default&#8221; column_direction_tablet=&#8221;default&#8221; column_direction_phone=&#8221;default&#8221; scene_position=&#8221;center&#8221; text_color=&#8221;dark&#8221; text_align=&#8221;left&#8221; row_border_radius=&#8221;none&#8221; row_border_radius_applies=&#8221;bg&#8221; overflow=&#8221;visible&#8221; overlay_strength=&#8221;0.3&#8243; gradient_direction=&#8221;left_to_right&#8221; shape_divider_position=&#8221;bottom&#8221; bg_image_animation=&#8221;none&#8221;][vc_column column_padding=&#8221;no-extra-padding&#8221; column_padding_tablet=&#8221;inherit&#8221; column_padding_phone=&#8221;inherit&#8221; column_padding_position=&#8221;all&#8221; column_element_direction_desktop=&#8221;default&#8221; column_element_spacing=&#8221;default&#8221; desktop_text_alignment=&#8221;default&#8221; tablet_text_alignment=&#8221;default&#8221; phone_text_alignment=&#8221;default&#8221; background_color_opacity=&#8221;1&#8243; background_hover_color_opacity=&#8221;1&#8243; column_backdrop_filter=&#8221;none&#8221; column_shadow=&#8221;none&#8221; column_border_radius=&#8221;none&#8221; column_link_target=&#8221;_self&#8221; column_position=&#8221;default&#8221; gradient_direction=&#8221;left_to_right&#8221; overlay_strength=&#8221;0.3&#8243; width=&#8221;1\/1&#8243; tablet_width_inherit=&#8221;default&#8221; animation_type=&#8221;default&#8221; bg_image_animation=&#8221;none&#8221; border_type=&#8221;simple&#8221; column_border_width=&#8221;none&#8221; column_border_style=&#8221;solid&#8221;]<div class=\"nectar-fancy-ul\" data-list-icon=\"fa fa-star\" data-animation=\"true\" data-animation-delay=\"0\" data-color=\"accent-color\" data-spacing=\"default\" data-alignment=\"left\"> \n<ul>\n<li><strong>C\u00f4ng ngh\u1ec7 s\u1ea5y l\u1ea1nh hi\u1ec7n \u0111\u1ea1i gi\u00fap b\u1ea3o qu\u1ea3n l\u00e2u d\u00e0i<\/strong><br \/>\nC\u00f4ng ngh\u1ec7 s\u1ea5y l\u1ea1nh ti\u00ean ti\u1ebfn gi\u00fap gi\u1eef tr\u1ecdn h\u01b0\u01a1ng v\u1ecb t\u1ef1 nhi\u00ean, ch\u1ea5t dinh d\u01b0\u1ee1ng v\u00e0 \u0111\u1ed9 t\u01b0\u01a1i ngon trong c\u1ecf m\u00e8o, v\u1eeba b\u1ea3o qu\u1ea3n \u0111\u01b0\u1ee3c l\u00e2u v\u1eeba kh\u00f4ng hao h\u1ee5t dinh d\u01b0\u1ee1ng.<\/li>\n<li><strong>Gi\u00fap m\u00e8o nh\u1ed5 s\u1ea1ch b\u00f3ng l\u00f4ng<\/strong><br \/>\nCh\u1ea5t xenlulo c\u00f3 trong c\u1ecf m\u00e8o gi\u00fap m\u00e8o t\u1ed1ng xu\u1ea5t c\u00e1c b\u00fai l\u00f4ng ra kh\u1ecfi c\u01a1 th\u1ec3 m\u1ed9t c\u00e1ch t\u1ef1 nhi\u00ean, \u0111\u1eb7c bi\u1ec7t \u0111\u1ed1i v\u1edbi m\u00e8o l\u00f4ng d\u00e0i v\u00e0 m\u00e8o v\u00e0o m\u00f9a r\u1ee5ng l\u00f4ng d\u1ec5 g\u1eb7p t\u00ecnh tr\u1ea1ng b\u00fai l\u00f4ng.<\/li>\n<li><strong>T\u0103ng c\u01b0\u1eddng s\u1ee9c kh\u1ecfe ti\u00eau h\u00f3a<\/strong><br \/>\nCh\u1ea5t x\u01a1 v\u00e0 enzyme trong c\u1ecf m\u00e8o c\u00f3 th\u1ec3 gi\u00fap m\u00e8o \u0111i\u1ec1u h\u00f2a h\u1ec7 ti\u00eau h\u00f3a v\u00e0 tr\u00e1nh c\u00e1c v\u1ea5n \u0111\u1ec1 v\u1ec1 ti\u00eau h\u00f3a do ch\u1ebf \u0111\u1ed9 \u0103n kh\u00f4ng ph\u00f9 h\u1ee3p ho\u1eb7c do \u0103n ph\u1ea3i l\u00f4ng.<\/li>\n<li><strong>Kh\u00f4ng c\u00f3 ch\u1ea5t ph\u1ee5 gia, \u0111\u1ea3m b\u1ea3o an to\u00e0n<\/strong><br \/>\nS\u1ea3n ph\u1ea9m nguy\u00ean ch\u1ea5t t\u1ef1 nhi\u00ean, kh\u00f4ng c\u00f3 m\u00e0u nh\u00e2n t\u1ea1o, ch\u1ea5t b\u1ea3o qu\u1ea3n hay ch\u1ea5t ph\u1ee5 gia h\u00f3a h\u1ecdc n\u00e0o kh\u00e1c, th\u00edch h\u1ee3p cho m\u00e8o c\u00f3 th\u1ec3 tr\u1ea1ng nh\u1ea1y c\u1ea3m.<\/li>\n<\/ul>\n <\/div>[\/vc_column][\/vc_row]\n","protected":false},"excerpt":{"rendered":"<p>40g<\/p>\n","protected":false},"featured_media":2524,"template":"","meta":[],"product_brand":[],"product_cat":[195,200],"product_tag":[],"class_list":{"0":"post-2740","1":"product","2":"type-product","3":"status-publish","4":"has-post-thumbnail","6":"product_cat-bite-of-wild-vi","7":"product_cat-freeze-dried-boosters-vi","9":"first","10":"instock","11":"shipping-taxable","12":"product-type-external"},"_links":{"self":[{"href":"https:\/\/petour.sg\/vi\/wp-json\/wp\/v2\/product\/2740","targetHints":{"allow":["GET"]}}],"collection":[{"href":"https:\/\/petour.sg\/vi\/wp-json\/wp\/v2\/product"}],"about":[{"href":"https:\/\/petour.sg\/vi\/wp-json\/wp\/v2\/types\/product"}],"wp:featuredmedia":[{"embeddable":true,"href":"https:\/\/petour.sg\/vi\/wp-json\/wp\/v2\/media\/2524"}],"wp:attachment":[{"href":"https:\/\/petour.sg\/vi\/wp-json\/wp\/v2\/media?parent=2740"}],"wp:term":[{"taxonomy":"product_brand","embeddable":true,"href":"https:\/\/petour.sg\/vi\/wp-json\/wp\/v2\/product_brand?post=2740"},{"taxonomy":"product_cat","embeddable":true,"href":"https:\/\/petour.sg\/vi\/wp-json\/wp\/v2\/product_cat?post=2740"},{"taxonomy":"product_tag","embeddable":true,"href":"https:\/\/petour.sg\/vi\/wp-json\/wp\/v2\/product_tag?post=2740"}],"curies":[{"name":"wp","href":"https:\/\/api.w.org\/{rel}","templated":true}]}}