{"id":2748,"date":"2024-11-21T11:07:22","date_gmt":"2024-11-21T11:07:22","guid":{"rendered":"https:\/\/petour.sg\/product\/salmon-freeze-dried\/"},"modified":"2024-12-09T12:22:35","modified_gmt":"2024-12-09T12:22:35","slug":"salmon-freeze-dried","status":"publish","type":"product","link":"https:\/\/petour.sg\/vi\/product\/salmon-freeze-dried\/","title":{"rendered":"Salmon Freeze Dried"},"content":{"rendered":"[vc_row type=&#8221;in_container&#8221; full_screen_row_position=&#8221;middle&#8221; column_margin=&#8221;default&#8221; column_direction=&#8221;default&#8221; column_direction_tablet=&#8221;default&#8221; column_direction_phone=&#8221;default&#8221; scene_position=&#8221;center&#8221; text_color=&#8221;dark&#8221; text_align=&#8221;left&#8221; row_border_radius=&#8221;none&#8221; row_border_radius_applies=&#8221;bg&#8221; overflow=&#8221;visible&#8221; overlay_strength=&#8221;0.3&#8243; gradient_direction=&#8221;left_to_right&#8221; shape_divider_position=&#8221;bottom&#8221; bg_image_animation=&#8221;none&#8221;][vc_column column_padding=&#8221;no-extra-padding&#8221; column_padding_tablet=&#8221;inherit&#8221; column_padding_phone=&#8221;inherit&#8221; column_padding_position=&#8221;all&#8221; column_element_direction_desktop=&#8221;default&#8221; column_element_spacing=&#8221;default&#8221; desktop_text_alignment=&#8221;default&#8221; tablet_text_alignment=&#8221;default&#8221; phone_text_alignment=&#8221;default&#8221; background_color_opacity=&#8221;1&#8243; background_hover_color_opacity=&#8221;1&#8243; column_backdrop_filter=&#8221;none&#8221; column_shadow=&#8221;none&#8221; column_border_radius=&#8221;none&#8221; column_link_target=&#8221;_self&#8221; column_position=&#8221;default&#8221; gradient_direction=&#8221;left_to_right&#8221; overlay_strength=&#8221;0.3&#8243; width=&#8221;1\/1&#8243; tablet_width_inherit=&#8221;default&#8221; animation_type=&#8221;default&#8221; bg_image_animation=&#8221;none&#8221; border_type=&#8221;simple&#8221; column_border_width=&#8221;none&#8221; column_border_style=&#8221;solid&#8221;]<div class=\"nectar-fancy-ul\" data-list-icon=\"fa fa-star\" data-animation=\"true\" data-animation-delay=\"0\" data-color=\"accent-color\" data-spacing=\"default\" data-alignment=\"left\"> \n<ul>\n<li><strong>C\u00f4ng ngh\u1ec7 s\u1ea5y l\u1ea1nh gi\u00fap gi\u1eef l\u1ea1i ch\u1ea5t dinh d\u01b0\u1ee1ng<\/strong><br \/>\nNh\u1edd c\u00f4ng ngh\u1ec7 s\u1ea5y l\u1ea1nh ti\u00ean ti\u1ebfn, \u0111\u1ed9 \u1ea9m t\u1eeb c\u00e1 h\u1ed3i t\u01b0\u01a1i \u0111\u01b0\u1ee3c kh\u1eed b\u1ecf m\u00e0 v\u1eabn gi\u1eef \u0111\u01b0\u1ee3c gi\u00e1 tr\u1ecb dinh d\u01b0\u1ee1ng ban \u0111\u1ea7u. So v\u1edbi c\u00e1c ph\u01b0\u01a1ng ph\u00e1p ch\u1ebf bi\u1ebfn truy\u1ec1n th\u1ed1ng, ph\u01b0\u01a1ng ph\u00e1p s\u1ea5y l\u1ea1nh c\u00f3 hi\u1ec7u qu\u1ea3 t\u1ed1t h\u01a1n trong vi\u1ec7c gi\u1eef l\u1ea1i c\u00e1c ch\u1ea5t dinh d\u01b0\u1ee1ng quan tr\u1ecdng nh\u01b0 Omega-3.<\/li>\n<li><strong>D\u1ec5 d\u00e0ng b\u1ea3o qu\u1ea3n v\u00e0 cho \u0103n<\/strong><br \/>\nTh\u1ef1c ph\u1ea9m s\u1ea5y l\u1ea1nh kh\u00f4ng c\u1ea7n b\u1ea3o qu\u1ea3n l\u1ea1nh, c\u00f3 th\u1eddi h\u1ea1n s\u1eed d\u1ee5ng l\u00e2u v\u00e0 d\u1ec5 ch\u1ebf bi\u1ebfn.. Ch\u1ec9 c\u1ea7n cho th\u00eam n\u01b0\u1edbc l\u00e0 cho m\u00e8o \u0103n \u0111\u01b0\u1ee3c ngay, r\u1ea5t thu\u1eadn ti\u1ec7n cho ng\u01b0\u1eddi nu\u00f4i th\u00fa c\u01b0ng c\u00f3 l\u1ecbch tr\u00ecnh b\u1eadn r\u1ed9n.<\/li>\n<li><strong>D\u01b0\u1ee1ng da kh\u1ecfe l\u00f4ng m\u01b0\u1ee3t<\/strong><br \/>\nGi\u00e0u axit b\u00e9o Omega-3, c\u00e1 h\u1ed3i gi\u00fap m\u00e8o gi\u1eef \u0111\u01b0\u1ee3c b\u1ed9 l\u00f4ng b\u00f3ng m\u01b0\u1ee3t v\u00e0 da kh\u1ecfe m\u1ea1nh, gi\u1ea3m d\u1ecb \u1ee9ng, vi\u00eam nhi\u1ec5m.<\/li>\n<li><strong>Th\u00edch h\u1ee3p cho m\u00e8o \u1edf m\u1ecdi \u0111\u1ed9 tu\u1ed5i<\/strong><br \/>\nCh\u1ebf \u0111\u1ed9 \u0103n gi\u00e0u protein v\u00e0 ch\u1ea5t b\u00e9o l\u00e0nh m\u1ea1nh ph\u00f9 h\u1ee3p cho c\u1ea3 m\u00e8o con, m\u00e8o tr\u01b0\u1edfng th\u00e0nh v\u00e0 m\u00e8o \u0111\u00e3 l\u1edbn tu\u1ed5i, \u0111\u1eb7c bi\u1ec7t l\u00e0 m\u00e8o \u0111ang mang thai ho\u1eb7c \u0111ang cho con b\u00fa c\u1ea7n th\u00eam nhi\u1ec1u n\u0103ng l\u01b0\u1ee3ng.<\/li>\n<\/ul>\n <\/div>[\/vc_column][\/vc_row]\n","protected":false},"excerpt":{"rendered":"<p>40g<\/p>\n","protected":false},"featured_media":2644,"template":"","meta":[],"product_brand":[],"product_cat":[195,200],"product_tag":[],"class_list":{"0":"post-2748","1":"product","2":"type-product","3":"status-publish","4":"has-post-thumbnail","6":"product_cat-bite-of-wild-vi","7":"product_cat-freeze-dried-boosters-vi","9":"first","10":"instock","11":"shipping-taxable","12":"product-type-external"},"_links":{"self":[{"href":"https:\/\/petour.sg\/vi\/wp-json\/wp\/v2\/product\/2748","targetHints":{"allow":["GET"]}}],"collection":[{"href":"https:\/\/petour.sg\/vi\/wp-json\/wp\/v2\/product"}],"about":[{"href":"https:\/\/petour.sg\/vi\/wp-json\/wp\/v2\/types\/product"}],"wp:featuredmedia":[{"embeddable":true,"href":"https:\/\/petour.sg\/vi\/wp-json\/wp\/v2\/media\/2644"}],"wp:attachment":[{"href":"https:\/\/petour.sg\/vi\/wp-json\/wp\/v2\/media?parent=2748"}],"wp:term":[{"taxonomy":"product_brand","embeddable":true,"href":"https:\/\/petour.sg\/vi\/wp-json\/wp\/v2\/product_brand?post=2748"},{"taxonomy":"product_cat","embeddable":true,"href":"https:\/\/petour.sg\/vi\/wp-json\/wp\/v2\/product_cat?post=2748"},{"taxonomy":"product_tag","embeddable":true,"href":"https:\/\/petour.sg\/vi\/wp-json\/wp\/v2\/product_tag?post=2748"}],"curies":[{"name":"wp","href":"https:\/\/api.w.org\/{rel}","templated":true}]}}