{"id":2764,"date":"2024-11-21T10:39:15","date_gmt":"2024-11-21T10:39:15","guid":{"rendered":"https:\/\/petour.sg\/product\/p42-high-meat\/"},"modified":"2024-12-09T12:55:08","modified_gmt":"2024-12-09T12:55:08","slug":"p42-high-meat","status":"publish","type":"product","link":"https:\/\/petour.sg\/vi\/product\/p42-high-meat\/","title":{"rendered":"P42 &#8211; High Meat"},"content":{"rendered":"[vc_row type=&#8221;in_container&#8221; full_screen_row_position=&#8221;middle&#8221; column_margin=&#8221;default&#8221; column_direction=&#8221;default&#8221; column_direction_tablet=&#8221;default&#8221; column_direction_phone=&#8221;default&#8221; scene_position=&#8221;center&#8221; text_color=&#8221;dark&#8221; text_align=&#8221;left&#8221; row_border_radius=&#8221;none&#8221; row_border_radius_applies=&#8221;bg&#8221; overflow=&#8221;visible&#8221; overlay_strength=&#8221;0.3&#8243; gradient_direction=&#8221;left_to_right&#8221; shape_divider_position=&#8221;bottom&#8221; bg_image_animation=&#8221;none&#8221;][vc_column column_padding=&#8221;no-extra-padding&#8221; column_padding_tablet=&#8221;inherit&#8221; column_padding_phone=&#8221;inherit&#8221; column_padding_position=&#8221;all&#8221; column_element_direction_desktop=&#8221;default&#8221; column_element_spacing=&#8221;default&#8221; desktop_text_alignment=&#8221;default&#8221; tablet_text_alignment=&#8221;default&#8221; phone_text_alignment=&#8221;default&#8221; background_color_opacity=&#8221;1&#8243; background_hover_color_opacity=&#8221;1&#8243; column_backdrop_filter=&#8221;none&#8221; column_shadow=&#8221;none&#8221; column_border_radius=&#8221;none&#8221; column_link_target=&#8221;_self&#8221; column_position=&#8221;default&#8221; gradient_direction=&#8221;left_to_right&#8221; overlay_strength=&#8221;0.3&#8243; width=&#8221;1\/1&#8243; tablet_width_inherit=&#8221;default&#8221; animation_type=&#8221;default&#8221; bg_image_animation=&#8221;none&#8221; border_type=&#8221;simple&#8221; column_border_width=&#8221;none&#8221; column_border_style=&#8221;solid&#8221;]<div class=\"nectar-fancy-ul\" data-list-icon=\"fa fa-star\" data-animation=\"true\" data-animation-delay=\"0\" data-color=\"accent-color\" data-spacing=\"default\" data-alignment=\"left\"> \n<ul>\n<li><strong>Duy tr\u00ec s\u1ee9c kh\u1ecfe \u0111\u01b0\u1eddng ru\u1ed9t<\/strong><br \/>\nL\u00e0 lo\u00e0i \u0111\u1ed9ng v\u1eadt \u0103n th\u1ecbt, m\u00e8o c\u1ea7n m\u1ed9t ch\u1ebf \u0111\u1ed9 \u0103n gi\u00e0u protein t\u1eeb c\u00e1c ngu\u1ed3n \u0111\u1ed9ng v\u1eadt. V\u1edbi c\u00f4ng th\u1ee9c ch\u1ee9a th\u1ecbt g\u00e0 t\u01b0\u01a1i (36,3%), b\u1ed9t th\u1ecbt g\u00e0 (13,5%), c\u00e1 h\u1ed3i (12,7%), c\u00e1 tuy\u1ebft (10%) c\u00f9ng c\u00e1c lo\u1ea1i th\u1ecbt kh\u00e1c nh\u01b0 th\u1ecbt b\u00f2 (4%), s\u1ea3n ph\u1ea9m n\u00e0y \u0111\u00e1p \u1ee9ng ho\u00e0n h\u1ea3o nhu c\u1ea7u dinh d\u01b0\u1ee1ng t\u1ef1 nhi\u00ean c\u1ee7a m\u00e8o. S\u1ef1 k\u1ebft h\u1ee3p \u0111a d\u1ea1ng c\u00e1c ngu\u1ed3n protein \u0111\u1ed9ng v\u1eadt ch\u1ea5t l\u01b0\u1ee3ng cao n\u00e0y kh\u00f4ng ch\u1ec9 cung c\u1ea5p n\u0103ng l\u01b0\u1ee3ng d\u1ed3i d\u00e0o m\u00e0 c\u00f2n h\u1ed7 tr\u1ee3 ph\u00e1t tri\u1ec3n v\u00e0 duy tr\u00ec h\u1ec7 c\u01a1 b\u1eafp s\u0103n ch\u1eafc cho m\u00e8o.<\/li>\n<li><strong>Axit b\u00e9o t\u1ed1t<\/strong><br \/>\nC\u00e1 h\u1ed3i, c\u00e1 tuy\u1ebft v\u00e0 d\u1ea7u c\u00e1 r\u1ea5t gi\u00e0u axit b\u00e9o omega-3 v\u00e0 omega-6 gi\u00fap t\u0103ng c\u01b0\u1eddng s\u1ee9c kh\u1ecfe tim m\u1ea1ch, da kh\u1ecfe, l\u00f4ng m\u01b0\u1ee3t. C\u00f4ng th\u1ee9c c\u00f2n ch\u1ee9a 7,5% l\u01b0\u1ee3ng m\u1ee1 g\u00e0 gi\u00fap cung c\u1ea5p \u0111\u1ea7y \u0111\u1ee7 ngu\u1ed3n n\u0103ng l\u01b0\u1ee3ng cho m\u00e8o.<\/li>\n<li><strong>Th\u00e0nh ph\u1ea7n ch\u1ee9c n\u0103ng v\u00e0 s\u1ee9c kh\u1ecfe \u0111\u01b0\u1eddng ru\u1ed9t<\/strong><br \/>\nB\u1ed5 sung men vi sinh (nh\u01b0 khu\u1ea9n bifidus \u0111\u1ed9ng v\u1eadt, tr\u1ef1c khu\u1ea9n Bacillus subtilis) v\u00e0 prebiotic (nh\u01b0 b\u1ed9t r\u1ec5 rau di\u1ebfp xo\u0103n, fructooligosacarit v\u00e0 inulin) \u0111\u1ec3 t\u0103ng c\u01b0\u1eddng s\u1ee9c kh\u1ecfe ti\u00eau h\u00f3a \u1edf m\u00e8o, gi\u00fap c\u1ea3i thi\u1ec7n h\u1ec7 vi sinh v\u1eadt \u0111\u01b0\u1eddng ru\u1ed9t v\u00e0 t\u0103ng c\u01b0\u1eddng h\u1ec7 mi\u1ec5n d\u1ecbch.<\/li>\n<li><strong>\u0110i\u1ec1u h\u00f2a chuy\u1ec3n h\u00f3a carbohydrate<\/strong><br \/>\nC\u00e1c th\u00e0nh ph\u1ea7n nh\u01b0 qu\u1ea3 nam vi\u1ec7t qu\u1ea5t, qu\u1ea3 vi\u1ec7t qu\u1ea5t, polyphenol tr\u00e0 xanh v\u00e0 b\u1ed9t t\u1ea3o xo\u1eafn trong c\u00f4ng th\u1ee9c c\u00f3 \u0111\u1eb7c t\u00ednh ch\u1ed1ng oxy h\u00f3a gi\u00fap ch\u1ed1ng c\u00e1c g\u1ed1c t\u1ef1 do v\u00e0 t\u0103ng c\u01b0\u1eddng s\u1ee9c kh\u1ecfe t\u1ed5ng th\u1ec3, \u0111\u1eb7c bi\u1ec7t l\u00e0 s\u1ee9c kh\u1ecfe \u0111\u01b0\u1eddng ti\u1ebft ni\u1ec7u.<\/li>\n<\/ul>\n <\/div>[\/vc_column][\/vc_row]\n","protected":false},"excerpt":{"rendered":"<p>1KG\/300G\/50G<\/p>\n","protected":false},"featured_media":5259,"template":"","meta":[],"product_brand":[],"product_cat":[195,207],"product_tag":[],"class_list":{"0":"post-2764","1":"product","2":"type-product","3":"status-publish","4":"has-post-thumbnail","6":"product_cat-bite-of-wild-vi","7":"product_cat-raw-boost-kibbles-vi","9":"first","10":"instock","11":"shipping-taxable","12":"product-type-external"},"_links":{"self":[{"href":"https:\/\/petour.sg\/vi\/wp-json\/wp\/v2\/product\/2764","targetHints":{"allow":["GET"]}}],"collection":[{"href":"https:\/\/petour.sg\/vi\/wp-json\/wp\/v2\/product"}],"about":[{"href":"https:\/\/petour.sg\/vi\/wp-json\/wp\/v2\/types\/product"}],"wp:featuredmedia":[{"embeddable":true,"href":"https:\/\/petour.sg\/vi\/wp-json\/wp\/v2\/media\/5259"}],"wp:attachment":[{"href":"https:\/\/petour.sg\/vi\/wp-json\/wp\/v2\/media?parent=2764"}],"wp:term":[{"taxonomy":"product_brand","embeddable":true,"href":"https:\/\/petour.sg\/vi\/wp-json\/wp\/v2\/product_brand?post=2764"},{"taxonomy":"product_cat","embeddable":true,"href":"https:\/\/petour.sg\/vi\/wp-json\/wp\/v2\/product_cat?post=2764"},{"taxonomy":"product_tag","embeddable":true,"href":"https:\/\/petour.sg\/vi\/wp-json\/wp\/v2\/product_tag?post=2764"}],"curies":[{"name":"wp","href":"https:\/\/api.w.org\/{rel}","templated":true}]}}