{"id":2768,"date":"2024-11-21T10:23:18","date_gmt":"2024-11-21T10:23:18","guid":{"rendered":"https:\/\/petour.sg\/product\/prebiotics-digestion-care-cat-treats\/"},"modified":"2024-12-09T13:05:37","modified_gmt":"2024-12-09T13:05:37","slug":"prebiotics-digestion-care-cat-treats","status":"publish","type":"product","link":"https:\/\/petour.sg\/vi\/product\/prebiotics-digestion-care-cat-treats\/","title":{"rendered":"Prebiotics &#8211; Digestion Care &#8211; Cat Treats"},"content":{"rendered":"[vc_row type=&#8221;in_container&#8221; full_screen_row_position=&#8221;middle&#8221; column_margin=&#8221;default&#8221; column_direction=&#8221;default&#8221; column_direction_tablet=&#8221;default&#8221; column_direction_phone=&#8221;default&#8221; scene_position=&#8221;center&#8221; text_color=&#8221;dark&#8221; text_align=&#8221;left&#8221; row_border_radius=&#8221;none&#8221; row_border_radius_applies=&#8221;bg&#8221; overflow=&#8221;visible&#8221; overlay_strength=&#8221;0.3&#8243; gradient_direction=&#8221;left_to_right&#8221; shape_divider_position=&#8221;bottom&#8221; bg_image_animation=&#8221;none&#8221;][vc_column column_padding=&#8221;no-extra-padding&#8221; column_padding_tablet=&#8221;inherit&#8221; column_padding_phone=&#8221;inherit&#8221; column_padding_position=&#8221;all&#8221; column_element_direction_desktop=&#8221;default&#8221; column_element_spacing=&#8221;default&#8221; desktop_text_alignment=&#8221;default&#8221; tablet_text_alignment=&#8221;default&#8221; phone_text_alignment=&#8221;default&#8221; background_color_opacity=&#8221;1&#8243; background_hover_color_opacity=&#8221;1&#8243; column_backdrop_filter=&#8221;none&#8221; column_shadow=&#8221;none&#8221; column_border_radius=&#8221;none&#8221; column_link_target=&#8221;_self&#8221; column_position=&#8221;default&#8221; gradient_direction=&#8221;left_to_right&#8221; overlay_strength=&#8221;0.3&#8243; width=&#8221;1\/1&#8243; tablet_width_inherit=&#8221;default&#8221; animation_type=&#8221;default&#8221; bg_image_animation=&#8221;none&#8221; border_type=&#8221;simple&#8221; column_border_width=&#8221;none&#8221; column_border_style=&#8221;solid&#8221;]<div class=\"nectar-fancy-ul\" data-list-icon=\"fa fa-star\" data-animation=\"true\" data-animation-delay=\"0\" data-color=\"accent-color\" data-spacing=\"default\" data-alignment=\"left\"> \n<ul>\n<li><strong>Protein ch\u1ea5t l\u01b0\u1ee3ng cao<\/strong><br \/>\nTh\u1ecbt g\u00e0 t\u01b0\u01a1i v\u00e0 gan g\u00e0 cung c\u1ea5p protein ch\u1ea5t l\u01b0\u1ee3ng cao h\u1ed7 tr\u1ee3 s\u1ee9c kh\u1ecfe c\u01a1 b\u1eafp<\/li>\n<li><strong>H\u1ed7 tr\u1ee3 h\u1ec7 ti\u00eau h\u00f3a kh\u1ecfe m\u1ea1nh<\/strong><br \/>\nFructooligosaccharide th\u00fac \u0111\u1ea9y c\u00e2n b\u1eb1ng ti\u00eau h\u00f3a v\u00e0 b\u1ea3o v\u1ec7 s\u1ee9c kh\u1ecfe \u0111\u01b0\u1eddng ru\u1ed9t<\/li>\n<li><strong>T\u0103ng c\u01b0\u1eddng mi\u1ec5n d\u1ecbch<\/strong><br \/>\nVitamin C t\u0103ng c\u01b0\u1eddng mi\u1ec5n d\u1ecbch, gi\u00fap m\u00e8o ch\u1ed1ng l\u1ea1i b\u1ec7nh t\u1eadt<\/li>\n<li><strong>H\u1ed7 tr\u1ee3 x\u01b0\u01a1ng kh\u1edbp<\/strong><br \/>\nCanxi cacbonat nh\u1eb9 cung c\u1ea5p canxi c\u1ea7n thi\u1ebft cho s\u1ef1 ph\u00e1t tri\u1ec3n x\u01b0\u01a1ng ch\u1eafc kh\u1ecfe<\/li>\n<li><strong>H\u01b0\u01a1ng v\u1ecb th\u01a1m ngon<\/strong><br \/>\nTh\u1ecbt g\u00e0 t\u01b0\u01a1i ngon k\u1ebft h\u1ee3p v\u1edbi gan g\u00e0 b\u1ed5 d\u01b0\u1ee1ng t\u1ea1o n\u00ean h\u01b0\u01a1ng v\u1ecb kh\u00f3 c\u01b0\u1ee1ng. H\u00e3y b\u1ed5 sung m\u00f3n \u0103n n\u00e0y v\u00e0o th\u1ef1c \u0111\u01a1n th\u01b0\u1eddng xuy\u00ean c\u1ee7a m\u00e8o c\u01b0ng nh\u00e0 b\u1ea1n.<\/li>\n<\/ul>\n <\/div>[\/vc_column][\/vc_row]\n","protected":false},"excerpt":{"rendered":"<p>60g(4x15g)<\/p>\n","protected":false},"featured_media":2628,"template":"","meta":[],"product_brand":[],"product_cat":[196,219],"product_tag":[],"class_list":{"0":"post-2768","1":"product","2":"type-product","3":"status-publish","4":"has-post-thumbnail","6":"product_cat-mr-vet-vi","7":"product_cat-nutritional-cat-treats-vi","9":"first","10":"instock","11":"shipping-taxable","12":"product-type-external"},"_links":{"self":[{"href":"https:\/\/petour.sg\/vi\/wp-json\/wp\/v2\/product\/2768","targetHints":{"allow":["GET"]}}],"collection":[{"href":"https:\/\/petour.sg\/vi\/wp-json\/wp\/v2\/product"}],"about":[{"href":"https:\/\/petour.sg\/vi\/wp-json\/wp\/v2\/types\/product"}],"wp:featuredmedia":[{"embeddable":true,"href":"https:\/\/petour.sg\/vi\/wp-json\/wp\/v2\/media\/2628"}],"wp:attachment":[{"href":"https:\/\/petour.sg\/vi\/wp-json\/wp\/v2\/media?parent=2768"}],"wp:term":[{"taxonomy":"product_brand","embeddable":true,"href":"https:\/\/petour.sg\/vi\/wp-json\/wp\/v2\/product_brand?post=2768"},{"taxonomy":"product_cat","embeddable":true,"href":"https:\/\/petour.sg\/vi\/wp-json\/wp\/v2\/product_cat?post=2768"},{"taxonomy":"product_tag","embeddable":true,"href":"https:\/\/petour.sg\/vi\/wp-json\/wp\/v2\/product_tag?post=2768"}],"curies":[{"name":"wp","href":"https:\/\/api.w.org\/{rel}","templated":true}]}}