{"id":2780,"date":"2024-11-21T09:58:35","date_gmt":"2024-11-21T09:58:35","guid":{"rendered":"https:\/\/petour.sg\/product\/vitamin-balanced-nutrition\/"},"modified":"2024-12-06T07:32:29","modified_gmt":"2024-12-06T07:32:29","slug":"vitamin-balanced-nutrition","status":"publish","type":"product","link":"https:\/\/petour.sg\/vi\/product\/vitamin-balanced-nutrition\/","title":{"rendered":"Vitamin-Balanced Nutrition &#8211; Cat Pouch"},"content":{"rendered":"[vc_row type=&#8221;in_container&#8221; full_screen_row_position=&#8221;middle&#8221; column_margin=&#8221;default&#8221; column_direction=&#8221;default&#8221; column_direction_tablet=&#8221;default&#8221; column_direction_phone=&#8221;default&#8221; scene_position=&#8221;center&#8221; text_color=&#8221;dark&#8221; text_align=&#8221;left&#8221; row_border_radius=&#8221;none&#8221; row_border_radius_applies=&#8221;bg&#8221; overflow=&#8221;visible&#8221; overlay_strength=&#8221;0.3&#8243; gradient_direction=&#8221;left_to_right&#8221; shape_divider_position=&#8221;bottom&#8221; bg_image_animation=&#8221;none&#8221;][vc_column column_padding=&#8221;no-extra-padding&#8221; column_padding_tablet=&#8221;inherit&#8221; column_padding_phone=&#8221;inherit&#8221; column_padding_position=&#8221;all&#8221; column_element_direction_desktop=&#8221;default&#8221; column_element_spacing=&#8221;default&#8221; desktop_text_alignment=&#8221;default&#8221; tablet_text_alignment=&#8221;default&#8221; phone_text_alignment=&#8221;default&#8221; background_color_opacity=&#8221;1&#8243; background_hover_color_opacity=&#8221;1&#8243; column_backdrop_filter=&#8221;none&#8221; column_shadow=&#8221;none&#8221; column_border_radius=&#8221;none&#8221; column_link_target=&#8221;_self&#8221; column_position=&#8221;default&#8221; gradient_direction=&#8221;left_to_right&#8221; overlay_strength=&#8221;0.3&#8243; width=&#8221;1\/1&#8243; tablet_width_inherit=&#8221;default&#8221; animation_type=&#8221;default&#8221; bg_image_animation=&#8221;none&#8221; border_type=&#8221;simple&#8221; column_border_width=&#8221;none&#8221; column_border_style=&#8221;solid&#8221;]<div class=\"nectar-fancy-ul\" data-list-icon=\"fa fa-star\" data-animation=\"true\" data-animation-delay=\"0\" data-color=\"accent-color\" data-spacing=\"default\" data-alignment=\"left\"> \n<ul>\n<li><strong>H\u00e0m l\u01b0\u1ee3ng protein cao<\/strong><br \/>\nTh\u1ecbt g\u00e0 t\u01b0\u01a1i (25%), ch\u00e2n g\u00e0 (14%) v\u00e0 gan g\u00e0 (12%) cung c\u1ea5p c\u00e1c axit amin thi\u1ebft y\u1ebfu c\u01a1 b\u1eafp ph\u00e1t tri\u1ec3n, b\u1ed5 sung n\u0103ng l\u01b0\u1ee3ng v\u00e0 gi\u00fap m\u00e8o s\u1ed1ng kh\u1ecfe to\u00e0n di\u1ec7n<\/li>\n<li><strong>Colagen<\/strong><br \/>\nH\u1ed7 tr\u1ee3 kh\u1ecfe kh\u1edbp v\u00e0 t\u0103ng kh\u1ea3 n\u0103ng v\u1eadn \u0111\u1ed9ng, c\u00f3 l\u1ee3i cho m\u00e8o hi\u1ebfu \u0111\u1ed9ng v\u00e0 c\u1ea3 m\u00e8o \u0111\u00e3 l\u1edbn tu\u1ed5i<\/li>\n<li><strong>Th\u00e0nh ph\u1ea7n t\u1ef1 nhi\u00ean<\/strong><br \/>\nS\u1ea3n ph\u1ea9m kh\u00f4ng c\u00f3 ch\u1ea5t ph\u1ee5 gia ho\u1eb7c ch\u1ea5t \u0111\u1ed9n nh\u00e2n t\u1ea1o, r\u1ea5t th\u00edch h\u1ee3p cho ng\u01b0\u1eddi nu\u00f4i m\u00e8o \u01b0u ti\u00ean ch\u1ebf \u0111\u1ed9 \u0103n t\u1ef1 nhi\u00ean<\/li>\n<li><strong>Th\u1ecbt n\u1ed9i t\u1ea1ng gi\u00e0u dinh d\u01b0\u1ee1ng<\/strong><br \/>\nGan g\u00e0 gi\u00e0u vitamin (A, B ph\u1ee9c h\u1ee3p) v\u00e0 kho\u00e1ng ch\u1ea5t, h\u1ed7 tr\u1ee3 ch\u1ee9c n\u0103ng mi\u1ec5n d\u1ecbch v\u00e0 th\u1ecb l\u1ef1c kh\u1ecfe m\u1ea1nh<\/li>\n<li><strong>Vitamin<\/strong><br \/>\nVitamin C: Ho\u1ea1t \u0111\u1ed9ng nh\u01b0 ch\u1ea5t ch\u1ed1ng oxy h\u00f3a, t\u0103ng c\u01b0\u1eddng mi\u1ec5n d\u1ecbch.<br \/>\nVitamin A: Quan tr\u1ecdng \u0111\u1ed1i v\u1edbi th\u1ecb l\u1ef1c v\u00e0 s\u1ee9c kh\u1ecfe l\u00e0n da.<br \/>\nVitamin E: M\u1ed9t ch\u1ea5t ch\u1ed1ng oxy h\u00f3a kh\u00e1c gi\u00fap t\u0103ng c\u01b0\u1eddng s\u1ee9c kh\u1ecfe cho da v\u00e0 h\u1ed7 tr\u1ee3 h\u1ec7 mi\u1ec5n d\u1ecbch.<br \/>\nVitamin D3: Quan tr\u1ecdng cho kh\u1ea3 n\u0103ng h\u1ea5p th\u1ee5 canxi v\u00e0 gi\u00fap x\u01b0\u01a1ng ch\u1eafc kh\u1ecfe.<br \/>\nVitamin B (B1, B2, B6, B9): H\u1ed7 tr\u1ee3 qu\u00e1 tr\u00ecnh trao \u0111\u1ed5i ch\u1ea5t, m\u1ee9c n\u0103ng l\u01b0\u1ee3ng v\u00e0 5 s\u1ee9c kh\u1ecfe th\u1ea7n kinh t\u1ed5ng th\u1ec3.<br \/>\nCanxi cacbonat nh\u1eb9: Cung c\u1ea5p ngu\u1ed3n canxi cho x\u01b0\u01a1ng v\u00e0 r\u0103ng ch\u1eafc kh\u1ecfe<\/li>\n<\/ul>\n <\/div>[\/vc_column][\/vc_row]\n","protected":false},"excerpt":{"rendered":"<p>70g<\/p>\n","protected":false},"featured_media":2716,"template":"","meta":[],"product_brand":[],"product_cat":[196,215],"product_tag":[],"class_list":{"0":"post-2780","1":"product","2":"type-product","3":"status-publish","4":"has-post-thumbnail","6":"product_cat-mr-vet-vi","7":"product_cat-nutrition-cat-pouch-vi","9":"first","10":"instock","11":"shipping-taxable","12":"product-type-external"},"_links":{"self":[{"href":"https:\/\/petour.sg\/vi\/wp-json\/wp\/v2\/product\/2780","targetHints":{"allow":["GET"]}}],"collection":[{"href":"https:\/\/petour.sg\/vi\/wp-json\/wp\/v2\/product"}],"about":[{"href":"https:\/\/petour.sg\/vi\/wp-json\/wp\/v2\/types\/product"}],"wp:featuredmedia":[{"embeddable":true,"href":"https:\/\/petour.sg\/vi\/wp-json\/wp\/v2\/media\/2716"}],"wp:attachment":[{"href":"https:\/\/petour.sg\/vi\/wp-json\/wp\/v2\/media?parent=2780"}],"wp:term":[{"taxonomy":"product_brand","embeddable":true,"href":"https:\/\/petour.sg\/vi\/wp-json\/wp\/v2\/product_brand?post=2780"},{"taxonomy":"product_cat","embeddable":true,"href":"https:\/\/petour.sg\/vi\/wp-json\/wp\/v2\/product_cat?post=2780"},{"taxonomy":"product_tag","embeddable":true,"href":"https:\/\/petour.sg\/vi\/wp-json\/wp\/v2\/product_tag?post=2780"}],"curies":[{"name":"wp","href":"https:\/\/api.w.org\/{rel}","templated":true}]}}