{"id":2784,"date":"2024-11-21T09:49:08","date_gmt":"2024-11-21T09:49:08","guid":{"rendered":"https:\/\/petour.sg\/product\/l-lysine-immunity-boost\/"},"modified":"2024-12-09T13:14:35","modified_gmt":"2024-12-09T13:14:35","slug":"l-lysine-immunity-boost","status":"publish","type":"product","link":"https:\/\/petour.sg\/vi\/product\/l-lysine-immunity-boost\/","title":{"rendered":"L-Lysine &#8211; Immunity Boost &#8211; Cat Pouch"},"content":{"rendered":"[vc_row type=&#8221;in_container&#8221; full_screen_row_position=&#8221;middle&#8221; column_margin=&#8221;default&#8221; column_direction=&#8221;default&#8221; column_direction_tablet=&#8221;default&#8221; column_direction_phone=&#8221;default&#8221; scene_position=&#8221;center&#8221; text_color=&#8221;dark&#8221; text_align=&#8221;left&#8221; row_border_radius=&#8221;none&#8221; row_border_radius_applies=&#8221;bg&#8221; overflow=&#8221;visible&#8221; overlay_strength=&#8221;0.3&#8243; gradient_direction=&#8221;left_to_right&#8221; shape_divider_position=&#8221;bottom&#8221; bg_image_animation=&#8221;none&#8221;][vc_column column_padding=&#8221;no-extra-padding&#8221; column_padding_tablet=&#8221;inherit&#8221; column_padding_phone=&#8221;inherit&#8221; column_padding_position=&#8221;all&#8221; column_element_direction_desktop=&#8221;default&#8221; column_element_spacing=&#8221;default&#8221; desktop_text_alignment=&#8221;default&#8221; tablet_text_alignment=&#8221;default&#8221; phone_text_alignment=&#8221;default&#8221; background_color_opacity=&#8221;1&#8243; background_hover_color_opacity=&#8221;1&#8243; column_backdrop_filter=&#8221;none&#8221; column_shadow=&#8221;none&#8221; column_border_radius=&#8221;none&#8221; column_link_target=&#8221;_self&#8221; column_position=&#8221;default&#8221; gradient_direction=&#8221;left_to_right&#8221; overlay_strength=&#8221;0.3&#8243; width=&#8221;1\/1&#8243; tablet_width_inherit=&#8221;default&#8221; animation_type=&#8221;default&#8221; bg_image_animation=&#8221;none&#8221; border_type=&#8221;simple&#8221; column_border_width=&#8221;none&#8221; column_border_style=&#8221;solid&#8221;]<div class=\"nectar-fancy-ul\" data-list-icon=\"fa fa-star\" data-animation=\"false\" data-animation-delay=\"0\" data-color=\"accent-color\" data-spacing=\"default\" data-alignment=\"left\"> \n<ul>\n<li><strong>Th\u1ecbt n\u1ed9i t\u1ea1ng gi\u00e0u dinh d\u01b0\u1ee1ng<\/strong><br \/>\nB\u1ed5 sung 10% gan g\u00e0, s\u1ea3n ph\u1ea9m cung c\u1ea5p ngu\u1ed3n vitamin A v\u00e0 s\u1eaft d\u1ed3i d\u00e0o, t\u0103ng c\u01b0\u1eddng h\u1ec7 mi\u1ec5n d\u1ecbch v\u00e0 h\u1ed7 tr\u1ee3 th\u1ecb l\u1ef1c.<\/li>\n<li><strong>H\u01b0\u01a1ng v\u1ecb th\u1eadt ngon<\/strong><br \/>\nH\u00e0m l\u01b0\u1ee3ng th\u1ecbt \u0111\u1eadm \u0111\u00e0 v\u00e0 d\u1ea7u g\u00e0 l\u00e0m t\u0103ng h\u01b0\u01a1ng v\u1ecb, h\u1ea5p d\u1eabn kh\u1ea9u v\u1ecb m\u00e8o h\u01a1n<\/li>\n<li><strong>Vitamin v\u00e0 kho\u00e1ng ch\u1ea5t<\/strong><br \/>\nS\u1ea3n ph\u1ea9m b\u1ed5 sung Vitamin C v\u00e0 canxi cacbonat nh\u1eb9 h\u1ed7 tr\u1ee3 h\u1ec7 mi\u1ec5n d\u1ecbch v\u00e0 cho x\u01b0\u01a1ng th\u00eam ch\u1eafc kh\u1ecfe<\/li>\n<li><strong>Ngu\u1ed3n protein ch\u1ea5t l\u01b0\u1ee3ng cao<\/strong><br \/>\nV\u1edbi th\u00e0nh ph\u1ea7n ch\u1ee9a 29% th\u1ecbt g\u00e0 t\u01b0\u01a1i v\u00e0 12% ch\u00e2n g\u00e0 t\u01b0\u01a1i, s\u1ea3n ph\u1ea9m cung c\u1ea5p protein \u0111\u1ed9ng v\u1eadt cao c\u1ea5p c\u1ea7n thi\u1ebft cho s\u1ef1 ph\u00e1t tri\u1ec3n c\u01a1 b\u1eafp v\u00e0 s\u1ee9c kh\u1ecfe to\u00e0n di\u1ec7n \u1edf m\u00e8o<\/li>\n<li><strong>Th\u00e0nh ph\u1ea7n b\u1ed5 sung<\/strong><br \/>\nCollagen: Cho kh\u1edbp th\u00eam kh\u1ecfe v\u00e0 l\u00f4ng th\u00eam s\u00e1ng b\u00f3ng.<br \/>\nD\u1ea7u g\u00e0: Cung c\u1ea5p th\u00eam n\u0103ng l\u01b0\u1ee3ng v\u00e0 axit b\u00e9o thi\u1ebft y\u1ebfu cho da v\u00e0 l\u00f4ng m\u00e8o th\u1eadt kh\u1ecfe m\u1ea1nh.<br \/>\nL-Lysine v\u00e0 Taurine: C\u1ea7n thi\u1ebft cho s\u1ef1 ph\u00e1t tri\u1ec3n v\u00e0 s\u1ee9c kh\u1ecfe tim m\u1ea1ch, \u0111\u1eb7c bi\u1ec7t c\u00f3 l\u1ee3i cho m\u00e8o<\/li>\n<\/ul>\n <\/div>[\/vc_column][\/vc_row]\n","protected":false},"excerpt":{"rendered":"<p>70g<\/p>\n","protected":false},"featured_media":2596,"template":"","meta":[],"product_brand":[],"product_cat":[196,215],"product_tag":[],"class_list":{"0":"post-2784","1":"product","2":"type-product","3":"status-publish","4":"has-post-thumbnail","6":"product_cat-mr-vet-vi","7":"product_cat-nutrition-cat-pouch-vi","9":"first","10":"instock","11":"shipping-taxable","12":"product-type-external"},"_links":{"self":[{"href":"https:\/\/petour.sg\/vi\/wp-json\/wp\/v2\/product\/2784","targetHints":{"allow":["GET"]}}],"collection":[{"href":"https:\/\/petour.sg\/vi\/wp-json\/wp\/v2\/product"}],"about":[{"href":"https:\/\/petour.sg\/vi\/wp-json\/wp\/v2\/types\/product"}],"wp:featuredmedia":[{"embeddable":true,"href":"https:\/\/petour.sg\/vi\/wp-json\/wp\/v2\/media\/2596"}],"wp:attachment":[{"href":"https:\/\/petour.sg\/vi\/wp-json\/wp\/v2\/media?parent=2784"}],"wp:term":[{"taxonomy":"product_brand","embeddable":true,"href":"https:\/\/petour.sg\/vi\/wp-json\/wp\/v2\/product_brand?post=2784"},{"taxonomy":"product_cat","embeddable":true,"href":"https:\/\/petour.sg\/vi\/wp-json\/wp\/v2\/product_cat?post=2784"},{"taxonomy":"product_tag","embeddable":true,"href":"https:\/\/petour.sg\/vi\/wp-json\/wp\/v2\/product_tag?post=2784"}],"curies":[{"name":"wp","href":"https:\/\/api.w.org\/{rel}","templated":true}]}}