{"id":2788,"date":"2024-11-21T08:04:55","date_gmt":"2024-11-21T08:04:55","guid":{"rendered":"https:\/\/petour.sg\/product\/omega-3-hair-skin-cat-pouch\/"},"modified":"2024-12-09T13:21:32","modified_gmt":"2024-12-09T13:21:32","slug":"omega-3-hair-skin-cat-pouch","status":"publish","type":"product","link":"https:\/\/petour.sg\/vi\/product\/omega-3-hair-skin-cat-pouch\/","title":{"rendered":"Omega-3 &#8211; Hair &#038; Skin &#8211; Cat Pouch"},"content":{"rendered":"[vc_row type=&#8221;in_container&#8221; full_screen_row_position=&#8221;middle&#8221; column_margin=&#8221;default&#8221; column_direction=&#8221;default&#8221; column_direction_tablet=&#8221;default&#8221; column_direction_phone=&#8221;default&#8221; scene_position=&#8221;center&#8221; text_color=&#8221;dark&#8221; text_align=&#8221;left&#8221; row_border_radius=&#8221;none&#8221; row_border_radius_applies=&#8221;bg&#8221; overflow=&#8221;visible&#8221; overlay_strength=&#8221;0.3&#8243; gradient_direction=&#8221;left_to_right&#8221; shape_divider_position=&#8221;bottom&#8221; bg_image_animation=&#8221;none&#8221;][vc_column column_padding=&#8221;no-extra-padding&#8221; column_padding_tablet=&#8221;inherit&#8221; column_padding_phone=&#8221;inherit&#8221; column_padding_position=&#8221;all&#8221; column_element_direction_desktop=&#8221;default&#8221; column_element_spacing=&#8221;default&#8221; desktop_text_alignment=&#8221;default&#8221; tablet_text_alignment=&#8221;default&#8221; phone_text_alignment=&#8221;default&#8221; background_color_opacity=&#8221;1&#8243; background_hover_color_opacity=&#8221;1&#8243; column_backdrop_filter=&#8221;none&#8221; column_shadow=&#8221;none&#8221; column_border_radius=&#8221;none&#8221; column_link_target=&#8221;_self&#8221; column_position=&#8221;default&#8221; gradient_direction=&#8221;left_to_right&#8221; overlay_strength=&#8221;0.3&#8243; width=&#8221;1\/1&#8243; tablet_width_inherit=&#8221;default&#8221; animation_type=&#8221;default&#8221; bg_image_animation=&#8221;none&#8221; border_type=&#8221;simple&#8221; column_border_width=&#8221;none&#8221; column_border_style=&#8221;solid&#8221;]<div class=\"nectar-fancy-ul\" data-list-icon=\"fa fa-star\" data-animation=\"true\" data-animation-delay=\"0\" data-color=\"accent-color\" data-spacing=\"default\" data-alignment=\"left\"> \n<ul>\n<li><strong>C\u00f4ng th\u1ee9c gi\u00e0u Omega-3<\/strong><br \/>\nCh\u1ee9a th\u00e0nh ph\u1ea7n d\u1ea7u c\u00e1, \u0111\u00e2y l\u00e0 s\u1ea3n ph\u1ea9m pate d\u1ea1ng g\u00f3i cung c\u1ea5p axit b\u00e9o omega-3 tuy\u1ec7t v\u1eddi, r\u1ea5t c\u1ea7n thi\u1ebft \u0111\u1ec3 nu\u00f4i d\u01b0\u1ee1ng da kh\u1ecfe, l\u00f4ng m\u01b0\u1ee3t v\u00e0 t\u0103ng c\u01b0\u1eddng s\u1ee9c kh\u1ecfe to\u00e0n di\u1ec7n cho m\u00e8o.<\/li>\n<li><strong>Ngu\u1ed3n protein ch\u1ea5t l\u01b0\u1ee3ng cao<\/strong><br \/>\nS\u1edf h\u1eefu 33% th\u1ecbt g\u00e0 t\u01b0\u01a1i, 11% ch\u00e2n g\u00e0 t\u01b0\u01a1i v\u00e0 7% gan g\u00e0 t\u01b0\u01a1i trong th\u00e0nh ph\u1ea7n nguy\u00ean li\u1ec7u, s\u1ea3n ph\u1ea9m cung c\u1ea5p ngu\u1ed3n protein \u0111\u1ed9ng v\u1eadt ch\u1ea5t l\u01b0\u1ee3ng cao, h\u1ed7 tr\u1ee3 ph\u00e1t tri\u1ec3n c\u01a1 b\u1eafp v\u00e0 b\u1ed5 sung n\u0103ng l\u01b0\u1ee3ng.<\/li>\n<li><strong>Ch\u1ea5t dinh d\u01b0\u1ee1ng c\u00f4 \u0111\u1eb7c<\/strong><br \/>\nNh\u1edd k\u1ebft h\u1ee3p th\u00eam gan g\u00e0 n\u00ean s\u1ea3n ph\u1ea9m cung c\u1ea5p c\u00e1c vitamin v\u00e0 kho\u00e1ng ch\u1ea5t quan tr\u1ecdng gi\u00fap t\u0103ng c\u01b0\u1eddng ch\u1ee9c n\u0103ng mi\u1ec5n d\u1ecbch v\u00e0 h\u1ed7 tr\u1ee3 s\u1ee9c kh\u1ecfe to\u00e0n di\u1ec7n cho m\u00e8o.<\/li>\n<li><strong>Collagen cho kh\u1edbp ch\u1eafc kh\u1ecfe<\/strong><br \/>\nVi\u1ec7c b\u1ed5 sung collagen cho m\u00e8o gi\u00fap ph\u1ea7n kh\u1edbp \u0111\u01b0\u1ee3c kh\u1ecfe m\u1ea1nh v\u00e0 d\u1ebbo dai, \u0111\u1eb7c bi\u1ec7t c\u00f3 l\u1ee3i m\u00e8o hi\u1ebfu \u0111\u1ed9ng ho\u1eb7c m\u00e8o cao tu\u1ed5i.<\/li>\n<li><strong>Ch\u1ea5t dinh d\u01b0\u1ee1ng thi\u1ebft y\u1ebfu<\/strong><br \/>\nS\u1ea3n ph\u1ea9m b\u1ed5 sung Taurine h\u1ed7 tr\u1ee3 s\u1ee9c kh\u1ecfe tim m\u1ea1ch v\u00e0 th\u1ecb l\u1ef1c, c\u00f2n Vitamin C c\u00f3 t\u00e1c d\u1ee5ng ch\u1ed1ng oxy h\u00f3a, g\u00f3p ph\u1ea7n t\u0103ng c\u01b0\u1eddng h\u1ec7 mi\u1ec5n d\u1ecbch<\/li>\n<li><strong>T\u1ef1 nhi\u00ean v\u00e0 l\u00e0nh m\u1ea1nh<\/strong><br \/>\nS\u1ea3n ph\u1ea9m kh\u00f4ng ch\u1ee9a ch\u1ea5t ph\u1ee5 gia ho\u1eb7c ch\u1ea5t \u0111\u1ed9n nh\u00e2n t\u1ea1o, r\u1ea5t ph\u00f9 h\u1ee3p v\u1edbi nh\u1eefng ng\u01b0\u1eddi nu\u00f4i m\u00e8o \u01b0u ti\u00ean c\u00e1c th\u00e0nh ph\u1ea7n t\u1ef1 nhi\u00ean trong ch\u1ebf \u0111\u1ed9 \u0103n c\u1ee7a th\u00fa c\u01b0ng<\/li>\n<li><strong>H\u01b0\u01a1ng v\u1ecb th\u01a1m ngon<\/strong><br \/>\nS\u1ef1 k\u1ebft h\u1ee3p gi\u1eefa th\u1ecbt t\u01b0\u01a1i v\u00e0 d\u1ea7u c\u00e1 t\u1ea1o n\u00ean h\u01b0\u01a1ng v\u1ecb th\u01a1m ngon kh\u00f3 c\u01b0\u1ee1ng cho m\u00e8o<\/li>\n<\/ul>\n <\/div>[\/vc_column][\/vc_row]\n","protected":false},"excerpt":{"rendered":"<p>70g<\/p>\n","protected":false},"featured_media":2532,"template":"","meta":[],"product_brand":[],"product_cat":[196,215],"product_tag":[],"class_list":{"0":"post-2788","1":"product","2":"type-product","3":"status-publish","4":"has-post-thumbnail","6":"product_cat-mr-vet-vi","7":"product_cat-nutrition-cat-pouch-vi","9":"first","10":"instock","11":"shipping-taxable","12":"product-type-external"},"_links":{"self":[{"href":"https:\/\/petour.sg\/vi\/wp-json\/wp\/v2\/product\/2788","targetHints":{"allow":["GET"]}}],"collection":[{"href":"https:\/\/petour.sg\/vi\/wp-json\/wp\/v2\/product"}],"about":[{"href":"https:\/\/petour.sg\/vi\/wp-json\/wp\/v2\/types\/product"}],"wp:featuredmedia":[{"embeddable":true,"href":"https:\/\/petour.sg\/vi\/wp-json\/wp\/v2\/media\/2532"}],"wp:attachment":[{"href":"https:\/\/petour.sg\/vi\/wp-json\/wp\/v2\/media?parent=2788"}],"wp:term":[{"taxonomy":"product_brand","embeddable":true,"href":"https:\/\/petour.sg\/vi\/wp-json\/wp\/v2\/product_brand?post=2788"},{"taxonomy":"product_cat","embeddable":true,"href":"https:\/\/petour.sg\/vi\/wp-json\/wp\/v2\/product_cat?post=2788"},{"taxonomy":"product_tag","embeddable":true,"href":"https:\/\/petour.sg\/vi\/wp-json\/wp\/v2\/product_tag?post=2788"}],"curies":[{"name":"wp","href":"https:\/\/api.w.org\/{rel}","templated":true}]}}