{"id":2792,"date":"2024-11-21T07:53:14","date_gmt":"2024-11-21T07:53:14","guid":{"rendered":"https:\/\/petour.sg\/product\/d1-digestion-care-lamb\/"},"modified":"2024-12-09T13:34:07","modified_gmt":"2024-12-09T13:34:07","slug":"d1-digestion-care-lamb","status":"publish","type":"product","link":"https:\/\/petour.sg\/vi\/product\/d1-digestion-care-lamb\/","title":{"rendered":"D1 Digestion Care &#8211; Lamb"},"content":{"rendered":"[vc_row type=&#8221;in_container&#8221; full_screen_row_position=&#8221;middle&#8221; column_margin=&#8221;default&#8221; column_direction=&#8221;default&#8221; column_direction_tablet=&#8221;default&#8221; column_direction_phone=&#8221;default&#8221; scene_position=&#8221;center&#8221; text_color=&#8221;dark&#8221; text_align=&#8221;left&#8221; row_border_radius=&#8221;none&#8221; row_border_radius_applies=&#8221;bg&#8221; overflow=&#8221;visible&#8221; overlay_strength=&#8221;0.3&#8243; gradient_direction=&#8221;left_to_right&#8221; shape_divider_position=&#8221;bottom&#8221; bg_image_animation=&#8221;none&#8221;][vc_column column_padding=&#8221;no-extra-padding&#8221; column_padding_tablet=&#8221;inherit&#8221; column_padding_phone=&#8221;inherit&#8221; column_padding_position=&#8221;all&#8221; column_element_direction_desktop=&#8221;default&#8221; column_element_spacing=&#8221;default&#8221; desktop_text_alignment=&#8221;default&#8221; tablet_text_alignment=&#8221;default&#8221; phone_text_alignment=&#8221;default&#8221; background_color_opacity=&#8221;1&#8243; background_hover_color_opacity=&#8221;1&#8243; column_backdrop_filter=&#8221;none&#8221; column_shadow=&#8221;none&#8221; column_border_radius=&#8221;none&#8221; column_link_target=&#8221;_self&#8221; column_position=&#8221;default&#8221; gradient_direction=&#8221;left_to_right&#8221; overlay_strength=&#8221;0.3&#8243; width=&#8221;1\/1&#8243; tablet_width_inherit=&#8221;default&#8221; animation_type=&#8221;default&#8221; bg_image_animation=&#8221;none&#8221; border_type=&#8221;simple&#8221; column_border_width=&#8221;none&#8221; column_border_style=&#8221;solid&#8221;]<div class=\"nectar-fancy-ul\" data-list-icon=\"fa fa-star\" data-animation=\"false\" data-animation-delay=\"0\" data-color=\"accent-color\" data-spacing=\"default\" data-alignment=\"left\"> \n<ul>\n<li><strong>B\u1ed5 d\u01b0\u1ee1ng<\/strong><br \/>\nTh\u1ecbt c\u1eebu r\u1ea5t gi\u00e0u protein ch\u1ea5t l\u01b0\u1ee3ng cao, axit amin, vitamin v\u00e0 kho\u00e1ng ch\u1ea5t, \u0111\u00f3ng vai tr\u00f2 quan tr\u1ecdng gi\u00fap c\u00fan c\u01b0ng kh\u1ecfe m\u1ea1nh, t\u0103ng c\u01b0\u1eddng kh\u1ea3 n\u0103ng mi\u1ec5n d\u1ecbch v\u00e0 duy tr\u00ec s\u1ee9c kh\u1ecfe c\u01a1 b\u1eafp.<\/li>\n<li><strong>T\u0103ng c\u01b0\u1eddng kh\u1ea3 n\u0103ng mi\u1ec5n d\u1ecbch<\/strong><br \/>\nC\u00e1c ch\u1ea5t dinh d\u01b0\u1ee1ng trong th\u1ecbt c\u1eebu gi\u00fap t\u0103ng c\u01b0\u1eddng h\u1ec7 mi\u1ec5n d\u1ecbch, gi\u1ea3m nguy c\u01a1 m\u1eafc b\u1ec7nh cho ch\u00f3. B\u00ean c\u1ea1nh \u0111\u00f3, s\u1ef1 k\u1ebft h\u1ee3p c\u00e1c lo\u1ea1i rau c\u1ee7 qu\u1ea3 gi\u00e0u vitamin v\u00e0 kho\u00e1ng ch\u1ea5t nh\u01b0 c\u00e0 chua, c\u00e0 r\u1ed1t, b\u00ed ng\u00f4, t\u00e1o, l\u00ea, v.v. c\u00e0ng g\u00f3p ph\u1ea7n n\u00e2ng cao s\u1ee9c \u0111\u1ec1 kh\u00e1ng cho ch\u00fa c\u00fan c\u01b0ng nh\u00e0 b\u1ea1n.<\/li>\n<li><strong>Th\u00fac \u0111\u1ea9y ti\u00eau h\u00f3a<\/strong><br \/>\nV\u1edbi kh\u1ea9u ph\u1ea7n v\u1eeba \u0111\u1ee7, th\u1ecbt c\u1eebu c\u00f3 th\u1ec3 th\u00fac \u0111\u1ea9y nhu \u0111\u1ed9ng ru\u1ed9t, c\u00f3 l\u1ee3i cho ho\u1ea1t \u0111\u1ed9ng ti\u00eau h\u00f3a v\u00e0 h\u1ea5p thu ch\u1ea5t dinh d\u01b0\u1ee1ng. B\u00ean c\u1ea1nh \u0111\u00f3, ch\u1ea5t x\u01a1 d\u1ed3i d\u00e0o t\u1eeb rau c\u1ee7 qu\u1ea3 gi\u00fap ng\u0103n ng\u1eeba t\u00e1o b\u00f3n.<\/li>\n<li><strong>Gi\u1eef \u1ea5m c\u01a1 th\u1ec3<\/strong><br \/>\nTh\u1ecbt c\u1eebu c\u00f3 t\u00ednh \u1ea5m, gi\u00fap duy tr\u00ec nhi\u1ec7t \u0111\u1ed9 c\u01a1 th\u1ec3 v\u00e0 ch\u1ed1ng c\u1ea3m l\u1ea1nh.<\/li>\n<li><strong>C\u1ea3i thi\u1ec7n \u0111\u1ed9 b\u00f3ng c\u1ee7a l\u00f4ng<\/strong><br \/>\nC\u00e1c lo\u1ea1i rau nh\u01b0 c\u00e0 r\u1ed1t ch\u1ee9a nhi\u1ec1u ch\u1ea5t dinh d\u01b0\u1ee1ng c\u00f3 l\u1ee3i gi\u00fap l\u00f4ng b\u00f3ng m\u01b0\u1ee3t.<\/li>\n<\/ul>\n <\/div>[\/vc_column][\/vc_row]\n","protected":false},"excerpt":{"rendered":"<p>1.4kg<\/p>\n","protected":false},"featured_media":5291,"template":"","meta":[],"product_brand":[],"product_cat":[227,196],"product_tag":[],"class_list":{"0":"post-2792","1":"product","2":"type-product","3":"status-publish","4":"has-post-thumbnail","6":"product_cat-raw-boost-kibbles-for-dog-vi","7":"product_cat-mr-vet-vi","9":"first","10":"instock","11":"shipping-taxable","12":"product-type-external"},"_links":{"self":[{"href":"https:\/\/petour.sg\/vi\/wp-json\/wp\/v2\/product\/2792","targetHints":{"allow":["GET"]}}],"collection":[{"href":"https:\/\/petour.sg\/vi\/wp-json\/wp\/v2\/product"}],"about":[{"href":"https:\/\/petour.sg\/vi\/wp-json\/wp\/v2\/types\/product"}],"wp:featuredmedia":[{"embeddable":true,"href":"https:\/\/petour.sg\/vi\/wp-json\/wp\/v2\/media\/5291"}],"wp:attachment":[{"href":"https:\/\/petour.sg\/vi\/wp-json\/wp\/v2\/media?parent=2792"}],"wp:term":[{"taxonomy":"product_brand","embeddable":true,"href":"https:\/\/petour.sg\/vi\/wp-json\/wp\/v2\/product_brand?post=2792"},{"taxonomy":"product_cat","embeddable":true,"href":"https:\/\/petour.sg\/vi\/wp-json\/wp\/v2\/product_cat?post=2792"},{"taxonomy":"product_tag","embeddable":true,"href":"https:\/\/petour.sg\/vi\/wp-json\/wp\/v2\/product_tag?post=2792"}],"curies":[{"name":"wp","href":"https:\/\/api.w.org\/{rel}","templated":true}]}}