{"id":2796,"date":"2024-11-21T04:13:17","date_gmt":"2024-11-21T04:13:17","guid":{"rendered":"https:\/\/petour.sg\/product\/t4-indoor-care-6-fish\/"},"modified":"2024-12-09T13:37:50","modified_gmt":"2024-12-09T13:37:50","slug":"t4-indoor-care-6-fish","status":"publish","type":"product","link":"https:\/\/petour.sg\/vi\/product\/t4-indoor-care-6-fish\/","title":{"rendered":"T4 Indoor Care &#8211; 6 Fish"},"content":{"rendered":"[vc_row type=&#8221;in_container&#8221; full_screen_row_position=&#8221;middle&#8221; column_margin=&#8221;default&#8221; column_direction=&#8221;default&#8221; column_direction_tablet=&#8221;default&#8221; column_direction_phone=&#8221;default&#8221; scene_position=&#8221;center&#8221; text_color=&#8221;dark&#8221; text_align=&#8221;left&#8221; row_border_radius=&#8221;none&#8221; row_border_radius_applies=&#8221;bg&#8221; overflow=&#8221;visible&#8221; overlay_strength=&#8221;0.3&#8243; gradient_direction=&#8221;left_to_right&#8221; shape_divider_position=&#8221;bottom&#8221; bg_image_animation=&#8221;none&#8221;][vc_column column_padding=&#8221;no-extra-padding&#8221; column_padding_tablet=&#8221;inherit&#8221; column_padding_phone=&#8221;inherit&#8221; column_padding_position=&#8221;all&#8221; column_element_direction_desktop=&#8221;default&#8221; column_element_spacing=&#8221;default&#8221; desktop_text_alignment=&#8221;default&#8221; tablet_text_alignment=&#8221;default&#8221; phone_text_alignment=&#8221;default&#8221; background_color_opacity=&#8221;1&#8243; background_hover_color_opacity=&#8221;1&#8243; column_backdrop_filter=&#8221;none&#8221; column_shadow=&#8221;none&#8221; column_border_radius=&#8221;none&#8221; column_link_target=&#8221;_self&#8221; column_position=&#8221;default&#8221; gradient_direction=&#8221;left_to_right&#8221; overlay_strength=&#8221;0.3&#8243; width=&#8221;1\/1&#8243; tablet_width_inherit=&#8221;default&#8221; animation_type=&#8221;default&#8221; bg_image_animation=&#8221;none&#8221; border_type=&#8221;simple&#8221; column_border_width=&#8221;none&#8221; column_border_style=&#8221;solid&#8221;]<div class=\"nectar-fancy-ul\" data-list-icon=\"fa fa-star\" data-animation=\"false\" data-animation-delay=\"0\" data-color=\"accent-color\" data-spacing=\"default\" data-alignment=\"left\"> \n<ul>\n<li><strong>Gi\u1ea3m m\u00f9i h\u00f4i ph\u00e2n<\/strong><br \/>\nC\u00e2y Yucca (Ng\u1ecdc gi\u00e1) c\u00f3 t\u00e1c d\u1ee5ng l\u00e0m gi\u1ea3m m\u00f9i ph\u00e2n r\u00f5 r\u1ec7t. Ph\u00e2n m\u00e8o th\u01b0\u1eddng c\u00f3 m\u00f9i kh\u00f3 ch\u1ecbu, ch\u1ee7 y\u1ebfu l\u00e0 v\u00ec vi khu\u1ea9n c\u00f3 h\u1ea1i trong ru\u1ed9t ph\u00e2n gi\u1ea3i th\u1ee9c \u0103n v\u00e0 t\u1ea1o ra c\u00e1c lo\u1ea1i kh\u00ed \u0111\u1ed9c h\u1ea1i nh\u01b0 hydro sulfide. Yucca c\u00f3 th\u1ec3 k\u1ebft h\u1ee3p c\u00e1c lo\u1ea1i kh\u00ed \u0111\u1ed9c h\u1ea1i n\u00e0y v\u00e0 gi\u1ea3m l\u01b0\u1ee3ng kh\u00ed th\u1ea3i ra, nh\u1edd \u0111\u00f3 l\u00e0m gi\u1ea3m \u0111\u00e1ng k\u1ec3 m\u00f9i kh\u00f3 ch\u1ecbu.<\/li>\n<li><strong>T\u0103ng c\u01b0\u1eddng h\u1ea5p th\u1ee5 ch\u1ea5t dinh d\u01b0\u1ee1ng<\/strong><br \/>\nYucca c\u00f3 th\u1ec3 c\u1ea3i thi\u1ec7n t\u00ednh th\u1ea5m c\u1ee7a ni\u00eam m\u1ea1c ru\u1ed9t, gi\u00fap t\u1ebf b\u00e0o ru\u1ed9t h\u1ea5p th\u1ee5 ch\u1ea5t dinh d\u01b0\u1ee1ng t\u1ed1t h\u01a1n v\u00e0 th\u00fac \u0111\u1ea9y \u0111\u00e0 ph\u00e1t tri\u1ec3n kh\u1ecfe m\u1ea1nh c\u1ee7a m\u00e8o. Yucca c\u0169ng c\u00f3 th\u1ec3 c\u1ea3i thi\u1ec7n hi\u1ec7u qu\u1ea3 h\u1ea5p th\u1ee5 dinh d\u01b0\u1ee1ng c\u1ee7a m\u00e8o, th\u00fac \u0111\u1ea9y ti\u1ebfn tr\u00ecnh h\u1ea5p th\u1ee5 protein, ch\u1ea5t b\u00e9o, vitamin v\u00e0 kho\u00e1ng ch\u1ea5t, \u0111\u1ec3 m\u00e8o \u0103n kh\u1ecfe h\u01a1n v\u00e0 ph\u00e1t tri\u1ec3n m\u1ea1nh m\u1ebd h\u01a1n.<\/li>\n<li><strong>C\u1ea3i thi\u1ec7n s\u1ee9c kh\u1ecfe \u0111\u01b0\u1eddng ru\u1ed9t<\/strong><br \/>\nS\u1ea3n ph\u1ea9m c\u00f3 th\u1ec3 \u0111i\u1ec1u ch\u1ec9nh s\u1ef1 c\u00e2n b\u1eb1ng c\u1ee7a h\u1ec7 vi sinh \u0111\u01b0\u1eddng ru\u1ed9t, \u1ee9c ch\u1ebf s\u1ef1 ph\u00e1t tri\u1ec3n c\u1ee7a vi khu\u1ea9n c\u00f3 h\u1ea1i v\u00e0 th\u00fac \u0111\u1ea9y l\u1ee3i khu\u1ea9n sinh s\u00f4i, nh\u1eb1m c\u1ea3i thi\u1ec7n kh\u1ea3 n\u0103ng ti\u00eau h\u00f3a, h\u1ea5p thu c\u1ee7a th\u00fa c\u01b0ng v\u00e0 gi\u1ea3m nguy c\u01a1 m\u1eafc c\u00e1c b\u1ec7nh v\u1ec1 \u0111\u01b0\u1eddng ru\u1ed9t.<\/li>\n<li><strong>T\u0103ng c\u01b0\u1eddng s\u1ee9c kh\u1ecfe to\u00e0n di\u1ec7n<\/strong><br \/>\nS\u1ea3n ph\u1ea9m t\u0103ng c\u01b0\u1eddng s\u1ee9c kh\u1ecfe to\u00e0n di\u1ec7n cho m\u00e8o b\u1eb1ng c\u00e1ch l\u00e0m d\u00e0y ni\u00eam m\u1ea1c ru\u1ed9t, ng\u0103n ch\u1eb7n virus x\u00e2m nh\u1eadp v\u00e0 h\u1ea5p th\u1ee5 h\u1ea1i khu\u1ea9n, gi\u1ea3m n\u1ed3ng \u0111\u1ed9 amoniac trong m\u00e1u v\u00e0 tr\u00e1nh \u0111\u01b0\u1ee3c c\u00e1c ch\u1ee9ng r\u1ed1i lo\u1ea1n th\u1ea7n kinh.<\/li>\n<li><strong>Gi\u1ea3m k\u00edch \u1ee9ng \u0111\u01b0\u1eddng ru\u1ed9t<\/strong><br \/>\nYucca c\u0169ng c\u00f3 th\u1ec3 l\u00e0m gi\u1ea3m n\u1ed3ng \u0111\u1ed9 amoniac trong ru\u1ed9t, gi\u1ea3m k\u00edch \u1ee9ng \u0111\u01b0\u1eddng ru\u1ed9t, t\u1eeb \u0111\u00f3 c\u1ea3i thi\u1ec7n s\u1ee9c kh\u1ecfe \u0111\u01b0\u1eddng ru\u1ed9t c\u1ee7a m\u00e8o.<\/li>\n<\/ul>\n <\/div>[\/vc_column][\/vc_row]\n","protected":false},"excerpt":{"rendered":"<p>1kg<\/p>\n","protected":false},"featured_media":2696,"template":"","meta":[],"product_brand":[],"product_cat":[223,196],"product_tag":[],"class_list":{"0":"post-2796","1":"product","2":"type-product","3":"status-publish","4":"has-post-thumbnail","6":"product_cat-mr-vet-kibbles-vi","7":"product_cat-mr-vet-vi","9":"first","10":"instock","11":"shipping-taxable","12":"product-type-external"},"_links":{"self":[{"href":"https:\/\/petour.sg\/vi\/wp-json\/wp\/v2\/product\/2796","targetHints":{"allow":["GET"]}}],"collection":[{"href":"https:\/\/petour.sg\/vi\/wp-json\/wp\/v2\/product"}],"about":[{"href":"https:\/\/petour.sg\/vi\/wp-json\/wp\/v2\/types\/product"}],"wp:featuredmedia":[{"embeddable":true,"href":"https:\/\/petour.sg\/vi\/wp-json\/wp\/v2\/media\/2696"}],"wp:attachment":[{"href":"https:\/\/petour.sg\/vi\/wp-json\/wp\/v2\/media?parent=2796"}],"wp:term":[{"taxonomy":"product_brand","embeddable":true,"href":"https:\/\/petour.sg\/vi\/wp-json\/wp\/v2\/product_brand?post=2796"},{"taxonomy":"product_cat","embeddable":true,"href":"https:\/\/petour.sg\/vi\/wp-json\/wp\/v2\/product_cat?post=2796"},{"taxonomy":"product_tag","embeddable":true,"href":"https:\/\/petour.sg\/vi\/wp-json\/wp\/v2\/product_tag?post=2796"}],"curies":[{"name":"wp","href":"https:\/\/api.w.org\/{rel}","templated":true}]}}