{"id":2800,"date":"2024-11-21T03:35:07","date_gmt":"2024-11-21T03:35:07","guid":{"rendered":"https:\/\/petour.sg\/product\/t3-urinary-care-tuna-chicken\/"},"modified":"2024-12-09T14:00:49","modified_gmt":"2024-12-09T14:00:49","slug":"t3-urinary-care-tuna-chicken","status":"publish","type":"product","link":"https:\/\/petour.sg\/vi\/product\/t3-urinary-care-tuna-chicken\/","title":{"rendered":"T3 Urinary Care &#8211; Tuna &#038; Chicken"},"content":{"rendered":"[vc_row type=&#8221;in_container&#8221; full_screen_row_position=&#8221;middle&#8221; column_margin=&#8221;default&#8221; column_direction=&#8221;default&#8221; column_direction_tablet=&#8221;default&#8221; column_direction_phone=&#8221;default&#8221; scene_position=&#8221;center&#8221; text_color=&#8221;dark&#8221; text_align=&#8221;left&#8221; row_border_radius=&#8221;none&#8221; row_border_radius_applies=&#8221;bg&#8221; overflow=&#8221;visible&#8221; overlay_strength=&#8221;0.3&#8243; gradient_direction=&#8221;left_to_right&#8221; shape_divider_position=&#8221;bottom&#8221; bg_image_animation=&#8221;none&#8221;][vc_column column_padding=&#8221;no-extra-padding&#8221; column_padding_tablet=&#8221;inherit&#8221; column_padding_phone=&#8221;inherit&#8221; column_padding_position=&#8221;all&#8221; column_element_direction_desktop=&#8221;default&#8221; column_element_spacing=&#8221;default&#8221; desktop_text_alignment=&#8221;default&#8221; tablet_text_alignment=&#8221;default&#8221; phone_text_alignment=&#8221;default&#8221; background_color_opacity=&#8221;1&#8243; background_hover_color_opacity=&#8221;1&#8243; column_backdrop_filter=&#8221;none&#8221; column_shadow=&#8221;none&#8221; column_border_radius=&#8221;none&#8221; column_link_target=&#8221;_self&#8221; column_position=&#8221;default&#8221; gradient_direction=&#8221;left_to_right&#8221; overlay_strength=&#8221;0.3&#8243; width=&#8221;1\/1&#8243; tablet_width_inherit=&#8221;default&#8221; animation_type=&#8221;default&#8221; bg_image_animation=&#8221;none&#8221; border_type=&#8221;simple&#8221; column_border_width=&#8221;none&#8221; column_border_style=&#8221;solid&#8221;]<div class=\"nectar-fancy-ul\" data-list-icon=\"fa fa-star\" data-animation=\"true\" data-animation-delay=\"0\" data-color=\"accent-color\" data-spacing=\"default\" data-alignment=\"left\"> \n<ul>\n<li><strong>Gi\u1ea3m s\u1ecfi ti\u1ebft ni\u1ec7u<\/strong><br \/>\nPh\u00f2ng ng\u1eeba nhi\u1ec5m tr\u00f9ng \u0111\u01b0\u1eddng ti\u1ebft ni\u1ec7u v\u00e0 s\u1ecfi th\u1eadn: Ch\u1ebf \u0111\u1ed9 \u0103n \u00edt magie c\u00f3 th\u1ec3 l\u00e0m gi\u1ea3m n\u1ed3ng \u0111\u1ed9 kho\u00e1ng ch\u1ea5t trong n\u01b0\u1edbc ti\u1ec3u m\u1ed9t c\u00e1ch hi\u1ec7u qu\u1ea3, t\u1eeb \u0111\u00f3 l\u00e0m gi\u1ea3m nguy c\u01a1 h\u00ecnh th\u00e0nh s\u1ecfi \u0111\u01b0\u1eddng ti\u1ebft ni\u1ec7u, \u0111\u1eb7c bi\u1ec7t l\u00e0 s\u1ecfi ki\u1ec1m. Ch\u1ebf \u0111\u1ed9 \u0103n n\u00e0y c\u00f3 th\u1ec3 th\u00fac \u0111\u1ea9y qu\u00e1 tr\u00ecnh h\u00f2a tan s\u1ecfi v\u00e0 gi\u1ea3m nguy c\u01a1 t\u00e1i ph\u00e1t.<\/li>\n<li><strong>Duy tr\u00ec s\u1ee9c kh\u1ecfe \u0111\u01b0\u1eddng ti\u1ebft ni\u1ec7u<\/strong><br \/>\nNgo\u00e0i kh\u1ea3 n\u0103ng ng\u0103n ng\u1eeba s\u1ecfi, ch\u1ebf \u0111\u1ed9 \u0103n \u00edt magie c\u00f2n c\u00f3 th\u1ec3 gi\u00fap m\u00e8o duy tr\u00ec s\u1ee9c kh\u1ecfe \u0111\u01b0\u1eddng ti\u1ebft ni\u1ec7u v\u00e0 gi\u1ea3m t\u1ef7 l\u1ec7 nhi\u1ec5m tr\u00f9ng \u0111\u01b0\u1eddng ti\u1ebft ni\u1ec7u.<\/li>\n<li>B\u1ed5 sung th\u00eam 4% ru\u1ed1c g\u00e0 v\u00e0 th\u1ecbt c\u00e1 nguy\u00ean con.<\/li>\n<\/ul>\n <\/div>[\/vc_column][\/vc_row]\n","protected":false},"excerpt":{"rendered":"<p>1kg<\/p>\n","protected":false},"featured_media":2688,"template":"","meta":[],"product_brand":[],"product_cat":[223,196,219],"product_tag":[],"class_list":{"0":"post-2800","1":"product","2":"type-product","3":"status-publish","4":"has-post-thumbnail","6":"product_cat-mr-vet-kibbles-vi","7":"product_cat-mr-vet-vi","8":"product_cat-nutritional-cat-treats-vi","10":"first","11":"instock","12":"shipping-taxable","13":"product-type-external"},"_links":{"self":[{"href":"https:\/\/petour.sg\/vi\/wp-json\/wp\/v2\/product\/2800","targetHints":{"allow":["GET"]}}],"collection":[{"href":"https:\/\/petour.sg\/vi\/wp-json\/wp\/v2\/product"}],"about":[{"href":"https:\/\/petour.sg\/vi\/wp-json\/wp\/v2\/types\/product"}],"wp:featuredmedia":[{"embeddable":true,"href":"https:\/\/petour.sg\/vi\/wp-json\/wp\/v2\/media\/2688"}],"wp:attachment":[{"href":"https:\/\/petour.sg\/vi\/wp-json\/wp\/v2\/media?parent=2800"}],"wp:term":[{"taxonomy":"product_brand","embeddable":true,"href":"https:\/\/petour.sg\/vi\/wp-json\/wp\/v2\/product_brand?post=2800"},{"taxonomy":"product_cat","embeddable":true,"href":"https:\/\/petour.sg\/vi\/wp-json\/wp\/v2\/product_cat?post=2800"},{"taxonomy":"product_tag","embeddable":true,"href":"https:\/\/petour.sg\/vi\/wp-json\/wp\/v2\/product_tag?post=2800"}],"curies":[{"name":"wp","href":"https:\/\/api.w.org\/{rel}","templated":true}]}}