{"id":2808,"date":"2024-11-17T04:28:08","date_gmt":"2024-11-17T04:28:08","guid":{"rendered":"https:\/\/petour.sg\/product\/t1-digestion-care-chicken-beef\/"},"modified":"2024-12-09T14:11:21","modified_gmt":"2024-12-09T14:11:21","slug":"t1-digestion-care-chicken-beef","status":"publish","type":"product","link":"https:\/\/petour.sg\/vi\/product\/t1-digestion-care-chicken-beef\/","title":{"rendered":"T1 Digestion Care &#8211; Chicken &#038; Beef"},"content":{"rendered":"[vc_row type=&#8221;in_container&#8221; full_screen_row_position=&#8221;middle&#8221; column_margin=&#8221;default&#8221; column_direction=&#8221;default&#8221; column_direction_tablet=&#8221;default&#8221; column_direction_phone=&#8221;default&#8221; scene_position=&#8221;center&#8221; text_color=&#8221;dark&#8221; text_align=&#8221;left&#8221; row_border_radius=&#8221;none&#8221; row_border_radius_applies=&#8221;bg&#8221; overflow=&#8221;visible&#8221; overlay_strength=&#8221;0.3&#8243; gradient_direction=&#8221;left_to_right&#8221; shape_divider_position=&#8221;bottom&#8221; bg_image_animation=&#8221;none&#8221;][vc_column column_padding=&#8221;no-extra-padding&#8221; column_padding_tablet=&#8221;inherit&#8221; column_padding_phone=&#8221;inherit&#8221; column_padding_position=&#8221;all&#8221; column_element_direction_desktop=&#8221;default&#8221; column_element_spacing=&#8221;default&#8221; desktop_text_alignment=&#8221;default&#8221; tablet_text_alignment=&#8221;default&#8221; phone_text_alignment=&#8221;default&#8221; background_color_opacity=&#8221;1&#8243; background_hover_color_opacity=&#8221;1&#8243; column_backdrop_filter=&#8221;none&#8221; column_shadow=&#8221;none&#8221; column_border_radius=&#8221;none&#8221; column_link_target=&#8221;_self&#8221; column_position=&#8221;default&#8221; gradient_direction=&#8221;left_to_right&#8221; overlay_strength=&#8221;0.3&#8243; width=&#8221;1\/1&#8243; tablet_width_inherit=&#8221;default&#8221; animation_type=&#8221;default&#8221; bg_image_animation=&#8221;none&#8221; border_type=&#8221;simple&#8221; column_border_width=&#8221;none&#8221; column_border_style=&#8221;solid&#8221;]<div class=\"nectar-fancy-ul\" data-list-icon=\"fa fa-star\" data-animation=\"false\" data-animation-delay=\"0\" data-color=\"accent-color\" data-spacing=\"default\" data-alignment=\"left\"> \n<ul>\n<li><strong>\u0110\u1ea3m b\u1ea3o s\u1ee9c kh\u1ecfe \u0111\u01b0\u1eddng ru\u1ed9t<\/strong><br \/>\nPrebiotic gi\u00fap th\u00fac \u0111\u1ea9y s\u1ef1 ph\u00e1t tri\u1ec3n c\u1ee7a l\u1ee3i khu\u1ea9n, \u1ee9c ch\u1ebf kh\u1ea3 n\u0103ng sinh s\u1ea3n c\u1ee7a h\u1ea1i khu\u1ea9n v\u00e0 duy tr\u00ec s\u1ef1 c\u00e2 n b\u1eb1ng c\u1ee7a vi khu\u1ea9n \u0111\u01b0\u1eddng ru\u1ed9t. \u0110i\u1ec1u n\u00e0y gi\u00fap ng\u0103n ng\u1eeba c\u00e1c b\u1ec7nh v\u1ec1 ti\u00eau h\u00f3a v\u00e0 c\u1ea3i thi\u1ec7n qu\u00e1 tr\u00ecnh ti\u00eau h\u00f3a, h\u1ea5p th\u1ee5 th\u1ee9c \u0103n.<\/li>\n<li><strong>C\u1ea3i thi\u1ec7n m\u00f4i tr\u01b0\u1eddng \u0111\u01b0\u1eddng ru\u1ed9t<\/strong><br \/>\nPrebiotic c\u00f3 th\u1ec3 th\u00fac \u0111\u1ea9y nhu \u0111\u1ed9ng ru\u1ed9t, c\u1ea3i thi\u1ec7n kh\u1ea3 n\u0103ng \u0111\u1ea1i ti\u1ec7n, gi\u1ea3m t\u00e1o b\u00f3n v\u00e0 ti\u00eau ch\u1ea3y.<\/li>\n<li><strong>T\u0103ng c\u01b0\u1eddng h\u1ec7 mi\u1ec5n d\u1ecbch<\/strong><br \/>\nPrebiotic gi\u00fap t\u0103ng c\u01b0\u1eddng ch\u1ee9c n\u0103ng c\u1ee7a h\u00e0ng r\u00e0o ni\u00eam m\u1ea1c ru\u1ed9t v\u00e0 c\u1ea3i thi\u1ec7n kh\u1ea3 n\u0103ng ch\u1ed1ng ch\u1ecbu b\u1ec7nh t\u1eadt c\u1ee7a h\u1ec7 mi\u1ec5n d\u1ecbch, t\u0103ng c\u01b0\u1eddng s\u1ee9c kh\u1ecfe to\u00e0n di\u1ec7n v\u00e0 gi\u1ea3m nguy c\u01a1 m\u1eafc b\u1ec7nh cho m\u00e8o.<\/li>\n<li><strong>\u0110i\u1ec1u h\u00f2a chuy\u1ec3n h\u00f3a carbohydrate<\/strong><br \/>\nPrebiotic c\u00f2n t\u00e1c \u0111\u1ed9ng \u0111\u1ebfn qu\u00e1 tr\u00ecnh chuy\u1ec3n h\u00f3a carbohydrate, t\u1ed1t cho th\u00fa c\u01b0ng th\u1eeba c\u00e2n, gi\u1ea3m c\u00e1c tri\u1ec7u ch\u1ee9ng l\u00e2m s\u00e0ng c\u1ee7a b\u1ec7nh vi\u00eam th\u1eadn m\u00e3n t\u00ednh v\u00e0 c\u1ea3i thi\u1ec7n s\u1ee9c kh\u1ecfe c\u1ee7a th\u00fa c\u01b0ng.<\/li>\n<\/ul>\n <\/div>[\/vc_column][\/vc_row]\n","protected":false},"excerpt":{"rendered":"<p>1kg\/ 300g\/ 60g<\/p>\n","protected":false},"featured_media":2668,"template":"","meta":[],"product_brand":[],"product_cat":[223,196],"product_tag":[],"class_list":{"0":"post-2808","1":"product","2":"type-product","3":"status-publish","4":"has-post-thumbnail","6":"product_cat-mr-vet-kibbles-vi","7":"product_cat-mr-vet-vi","9":"first","10":"instock","11":"shipping-taxable","12":"product-type-external"},"_links":{"self":[{"href":"https:\/\/petour.sg\/vi\/wp-json\/wp\/v2\/product\/2808","targetHints":{"allow":["GET"]}}],"collection":[{"href":"https:\/\/petour.sg\/vi\/wp-json\/wp\/v2\/product"}],"about":[{"href":"https:\/\/petour.sg\/vi\/wp-json\/wp\/v2\/types\/product"}],"wp:featuredmedia":[{"embeddable":true,"href":"https:\/\/petour.sg\/vi\/wp-json\/wp\/v2\/media\/2668"}],"wp:attachment":[{"href":"https:\/\/petour.sg\/vi\/wp-json\/wp\/v2\/media?parent=2808"}],"wp:term":[{"taxonomy":"product_brand","embeddable":true,"href":"https:\/\/petour.sg\/vi\/wp-json\/wp\/v2\/product_brand?post=2808"},{"taxonomy":"product_cat","embeddable":true,"href":"https:\/\/petour.sg\/vi\/wp-json\/wp\/v2\/product_cat?post=2808"},{"taxonomy":"product_tag","embeddable":true,"href":"https:\/\/petour.sg\/vi\/wp-json\/wp\/v2\/product_tag?post=2808"}],"curies":[{"name":"wp","href":"https:\/\/api.w.org\/{rel}","templated":true}]}}